{"id":1895,"date":"2020-08-18T14:46:49","date_gmt":"2020-08-18T13:46:49","guid":{"rendered":"https:\/\/partnershungary.hu\/?post_type=product&#038;p=1895"},"modified":"2022-08-25T15:34:12","modified_gmt":"2022-08-25T14:34:12","slug":"konfliktuskezeles-az-iskolaban-kezikonyv","status":"publish","type":"product","link":"https:\/\/partnershungary.hu\/en\/product\/konfliktuskezeles-az-iskolaban-kezikonyv\/","title":{"rendered":"Alternative conflict management in schools: a practical handbook"},"content":{"rendered":"<h2>How was our handbook on dealing with aggression in schools, enriched with case studies, born?<\/h2>\n<p>Conflicts are inherent in human interactions. How we manage these conflicts is therefore crucial. Aggression in the school environment has been much discussed in recent years, as it is a serious problem in many schools around the world. <b>Conflict, aggression and bullying are present at all levels of education - from primary to higher education - and represent a multifaceted problem<\/b>. School aggression and bullying have a very negative impact on the physical, mental and social well-being of young people, and play a role in early school leaving and even in becoming a criminal. The ASAP - Partnership Against Aggression in Schools project was implemented based on the concept of the Partners Hungary Foundation's professional team, between October 2015 and August 2018, in 9 schools, in cooperation with SOS Malta, Partners Bulgaria Foundation and Szolnok Service Vocational Training Centre. The project was funded by the Erasmus+ Programme of the European Union.<\/p>\n<p>&nbsp;<\/p>\n<p><b>ASAP aims to create a safe, caring and responsible school environment to reduce aggression and bullying in schools<\/b>, and aims to establish and strengthen cooperation between institutions dealing with student communities.\u00a0<b>Existing and proven methods\u00a0<\/b>we have developed a model school-wide programme. The programme provides accessible and easy-to-use tools to reduce violence and bullying in schools and has been tested in 9 secondary schools in three participating countries, Hungary, Bulgaria and Malta.<br \/>\nThe programme offers alternative conflict management, implementation procedures and restorative methods tailored to the school environment.<\/p>\n<p>&nbsp;<\/p>\n<h2>What does the handbook help you with?<\/h2>\n<p class=\"p1\">This handbook is a practical account of how the programme has been implemented in 9 different school settings, and how alternative conflict management techniques have been integrated into the daily life of schools. It is not a ready-made recipe but a guide to the possible use of the elements. The elements can be used separately, but work best as part of a process. The handbook is intended for those who would like to implement a similar programme in their school: principals, teachers and other professionals involved in education.<\/p>\n<p class=\"p1\">The handbook is a collection of case studies of how the programme has been implemented in 9 secondary schools. Clear sections and icons indicating areas of intervention are provided to aid reading.<\/p>\n<h2>Download the full material for free!<\/h2>\n<p>The Maltese and Bulgarian manuals, together with other useful technical material <a href=\"https:\/\/partnershungary.hu\/en\/iskolai-agressziokezeles-konfliktuskezeles\/\" target=\"_blank\" rel=\"noopener noreferrer\">HERE<\/a> you will find.<\/p>","protected":false},"excerpt":{"rendered":"<p>How can we deal effectively with aggression, conflict and bullying at school? Our handbook provides up-to-date answers with case studies and general practical advice.<\/p>","protected":false},"featured_media":0,"comment_status":"closed","ping_status":"closed","template":"","meta":{"_acf_changed":false,"_seopress_robots_primary_cat":"64","_seopress_titles_title":"","_seopress_titles_desc":"Esettanulm\u00e1nyokat \u00e9s \u00e1ltal\u00e1nos gyakorlati tan\u00e1csokat tartalmaz\u00f3 k\u00e9zik\u00f6nyv az iskolai agresszi\u00f3, konfliktusok, b\u00e1ntalmaz\u00e1s korszer\u0171 \u00e9s hat\u00e9kony kezel\u00e9s\u00e9re.","_seopress_robots_index":""},"product_brand":[],"product_cat":[65,64,75],"product_tag":[],"class_list":{"0":"post-1895","1":"product","2":"type-product","3":"status-publish","5":"product_cat-konfliktuskezeles","6":"product_cat-oktatas","7":"product_cat-tam","9":"first","10":"instock","11":"downloadable","12":"purchasable","13":"product-type-simple"},"acf":[],"_links":{"self":[{"href":"https:\/\/partnershungary.hu\/en\/wp-json\/wp\/v2\/product\/1895","targetHints":{"allow":["GET"]}}],"collection":[{"href":"https:\/\/partnershungary.hu\/en\/wp-json\/wp\/v2\/product"}],"about":[{"href":"https:\/\/partnershungary.hu\/en\/wp-json\/wp\/v2\/types\/product"}],"replies":[{"embeddable":true,"href":"https:\/\/partnershungary.hu\/en\/wp-json\/wp\/v2\/comments?post=1895"}],"wp:attachment":[{"href":"https:\/\/partnershungary.hu\/en\/wp-json\/wp\/v2\/media?parent=1895"}],"wp:term":[{"taxonomy":"product_brand","embeddable":true,"href":"https:\/\/partnershungary.hu\/en\/wp-json\/wp\/v2\/product_brand?post=1895"},{"taxonomy":"product_cat","embeddable":true,"href":"https:\/\/partnershungary.hu\/en\/wp-json\/wp\/v2\/product_cat?post=1895"},{"taxonomy":"product_tag","embeddable":true,"href":"https:\/\/partnershungary.hu\/en\/wp-json\/wp\/v2\/product_tag?post=1895"}],"curies":[{"name":"wp","href":"https:\/\/api.w.org\/{rel}","templated":true}]}}