{"id":1859,"date":"2020-07-16T16:37:18","date_gmt":"2020-07-16T15:37:18","guid":{"rendered":"https:\/\/partnershungary.hu\/?post_type=product&#038;p=1859"},"modified":"2022-05-09T18:52:14","modified_gmt":"2022-05-09T17:52:14","slug":"testunk-es-otthonunk-higieniaja","status":"publish","type":"product","link":"https:\/\/partnershungary.hu\/en\/product\/testunk-es-otthonunk-higieniaja\/","title":{"rendered":"Hygiene of our body and home"},"content":{"rendered":"<p>A <a href=\"https:\/\/partnershungary.hu\/en\/interkulturalis-mediatorok-egeszsegert\/\" target=\"_blank\" rel=\"noopener noreferrer\">For better health, for us, with us<\/a> our personal and home hygiene tools used in the programme are now available as a free download. <a href=\"https:\/\/partnershungary.hu\/en\/tarsadalmi-integracio\/\" target=\"_blank\" rel=\"noopener noreferrer\">intercultural mediator<\/a> trained health assistants are used to provide information to Roma communities living in difficult circumstances through community programmes. The documents can also be useful for health visitors, paediatricians, teachers, social workers and all professionals working with communities in difficult circumstances where health awareness is important. The publications have been produced by the Hungarian Red Cross in the framework of the Swiss Primary Care Development Model Programme.<\/p>\n<p>The attached documents cover the following topics:<\/p>\n<ul>\n<li>Cleanliness rules at home<\/li>\n<li>Dental care and teething<\/li>\n<li>Self-examination of the breast<\/li>\n<li>Self-examination of the testicles<\/li>\n<li>Diseases caused by parasites, insects<\/li>\n<\/ul>","protected":false},"excerpt":{"rendered":"<p>Useful preventive tools for public health nurses, paediatricians, teachers, social workers and all professionals working with communities in difficult circumstances where it is important to promote health awareness.<\/p>","protected":false},"featured_media":0,"comment_status":"closed","ping_status":"closed","template":"","meta":{"_acf_changed":false,"_seopress_robots_primary_cat":"","_seopress_titles_title":"","_seopress_titles_desc":"Hasznos prevenci\u00f3s \u00e9s eg\u00e9szs\u00e9gtudatoss\u00e1gra \u00f6szt\u00f6nz\u0151 seg\u00e9danyagok neh\u00e9z k\u00f6r\u00fclm\u00e9nyek k\u00f6z\u00f6tt \u00e9l\u0151 k\u00f6z\u00f6ss\u00e9gekkel foglalkoz\u00f3 szakemberek sz\u00e1m\u00e1ra","_seopress_robots_index":""},"product_brand":[],"product_cat":[50],"product_tag":[],"class_list":{"0":"post-1859","1":"product","2":"type-product","3":"status-publish","5":"product_cat-egyeb","7":"first","8":"instock","9":"downloadable","10":"purchasable","11":"product-type-simple"},"acf":[],"_links":{"self":[{"href":"https:\/\/partnershungary.hu\/en\/wp-json\/wp\/v2\/product\/1859","targetHints":{"allow":["GET"]}}],"collection":[{"href":"https:\/\/partnershungary.hu\/en\/wp-json\/wp\/v2\/product"}],"about":[{"href":"https:\/\/partnershungary.hu\/en\/wp-json\/wp\/v2\/types\/product"}],"replies":[{"embeddable":true,"href":"https:\/\/partnershungary.hu\/en\/wp-json\/wp\/v2\/comments?post=1859"}],"wp:attachment":[{"href":"https:\/\/partnershungary.hu\/en\/wp-json\/wp\/v2\/media?parent=1859"}],"wp:term":[{"taxonomy":"product_brand","embeddable":true,"href":"https:\/\/partnershungary.hu\/en\/wp-json\/wp\/v2\/product_brand?post=1859"},{"taxonomy":"product_cat","embeddable":true,"href":"https:\/\/partnershungary.hu\/en\/wp-json\/wp\/v2\/product_cat?post=1859"},{"taxonomy":"product_tag","embeddable":true,"href":"https:\/\/partnershungary.hu\/en\/wp-json\/wp\/v2\/product_tag?post=1859"}],"curies":[{"name":"wp","href":"https:\/\/api.w.org\/{rel}","templated":true}]}}