{"id":6171,"date":"2026-04-20T16:22:35","date_gmt":"2026-04-20T15:22:35","guid":{"rendered":"https:\/\/partnershungary.hu\/?page_id=6171"},"modified":"2026-04-20T19:44:41","modified_gmt":"2026-04-20T18:44:41","slug":"koragyerekkori-platform-konferencia","status":"publish","type":"page","link":"https:\/\/partnershungary.hu\/en\/koragyerekkori-platform-konferencia\/","title":{"rendered":"Koragyerekkori Platform Konferencia"},"content":{"rendered":"<div class=\"wpb-content-wrapper\"><div class=\"vc_row wpb_row vc_row-fluid\"><div class=\"wpb_column vc_column_container vc_col-sm-12\"><div class=\"vc_column-inner\"><div class=\"wpb_wrapper\">\n\t<div class=\"wpb_text_column wpb_content_element\" >\n\t\t<div class=\"wpb_wrapper\">\n\t\t\t<p><a href=\"https:\/\/partnershungary.hu\/wp-content\/uploads\/2026\/04\/Koragyerekkori_Platform_Logo_Fekete_RGB.jpg\"><img loading=\"lazy\" decoding=\"async\" class=\"alignnone size-medium wp-image-6181\" src=\"https:\/\/partnershungary.hu\/wp-content\/uploads\/2026\/04\/Koragyerekkori_Platform_Logo_Fekete_RGB-300x69.jpg\" alt=\"\" width=\"300\" height=\"69\" srcset=\"https:\/\/partnershungary.hu\/wp-content\/uploads\/2026\/04\/Koragyerekkori_Platform_Logo_Fekete_RGB-300x69.jpg 300w, https:\/\/partnershungary.hu\/wp-content\/uploads\/2026\/04\/Koragyerekkori_Platform_Logo_Fekete_RGB-1024x237.jpg 1024w, https:\/\/partnershungary.hu\/wp-content\/uploads\/2026\/04\/Koragyerekkori_Platform_Logo_Fekete_RGB-768x177.jpg 768w, https:\/\/partnershungary.hu\/wp-content\/uploads\/2026\/04\/Koragyerekkori_Platform_Logo_Fekete_RGB-1536x355.jpg 1536w, https:\/\/partnershungary.hu\/wp-content\/uploads\/2026\/04\/Koragyerekkori_Platform_Logo_Fekete_RGB-18x4.jpg 18w, https:\/\/partnershungary.hu\/wp-content\/uploads\/2026\/04\/Koragyerekkori_Platform_Logo_Fekete_RGB-600x139.jpg 600w, https:\/\/partnershungary.hu\/wp-content\/uploads\/2026\/04\/Koragyerekkori_Platform_Logo_Fekete_RGB.jpg 2000w\" sizes=\"auto, (max-width: 300px) 100vw, 300px\" \/><\/a><\/p>\n<p>&nbsp;<\/p>\n<p>&nbsp;<\/p>\n<p>2026. j\u00fanius 4-\u00e9n ker\u00fcl megrendez\u00e9sre a Koragyermekkori Platform II. orsz\u00e1gos konferenci\u00e1ja, amelynek id\u00e9n egyik szervez\u0151je a Partners Hungary Alap\u00edtv\u00e1ny. Konferencia a helyi szint\u0171 egy\u00fcttm\u0171k\u00f6d\u00e9sek szerep\u00e9re, k\u00fcl\u00f6n\u00f6sen az \u00f6nkorm\u00e1nyzatok felel\u0151ss\u00e9g\u00e9re f\u00f3kusz\u00e1lt a koragyermekkori szolg\u00e1ltat\u00e1sok ter\u00e9n.<\/p>\n<p>Koragyerekkori Platform 2024 \u00e9v v\u00e9g\u00e9n j\u00f6tt l\u00e9tre sz\u00e1mos szakember, civil \u00e9s oktat\u00e1si, szakmai szervezet kezdem\u00e9nyez\u00e9s\u00e9re. A platform c\u00e9lja, hogy k\u00f6z\u00f6sen tegy\u00fcnk a koragyerekkori szolg\u00e1ltat\u00e1sok el\u00e9rhet\u0151s\u00e9g\u00e9nek \u00e9s min\u0151s\u00e9g\u00e9nek fejleszt\u00e9s\u00e9rt Magyarorsz\u00e1gon. Egy er\u0151s szakmai alapokon nyugv\u00f3 h\u00e1l\u00f3zatot szeretn\u00e9nk \u00e9p\u00edteni, amely egy\u00fcttes er\u0151vel l\u00e9p fel, hogy minden gyermek sz\u00e1m\u00e1ra el\u00e9rhet\u0151ek legyenek haz\u00e1nkban az inkluz\u00edv \u00e9s min\u0151s\u00e9gi koragyerekkori szolg\u00e1ltat\u00e1sok.<\/p>\n<p><a href=\"https:\/\/www.koragyerekkoriplatform.hu\/\" target=\"_blank\" rel=\"noopener\">B\u0151vebben a h\u00e1l\u00f3zatr\u00f3l<\/a><\/p>\n<p><strong>D\u00e1tum:<\/strong> 2026.06.04.<\/p>\n<p><strong>Helysz\u00edn:<\/strong> K\u00f6z\u00e9p Eur\u00f3pai Egyetem (CEU)<\/p>\n<p>1051 Budapest, N\u00e1dor u. 15<\/p>\n<p>&nbsp;<\/p>\n<p>&nbsp;<\/p>\n<h3>A konferencia programja<\/h3>\n<p>&nbsp;<\/p>\n<p>09:30\u201310:00 \u2013 Regisztr\u00e1ci\u00f3<\/p>\n<p>10:00\u201310:15 \u2013 K\u00f6sz\u00f6nt\u0151k<\/p>\n<p>10:15\u201310:35 \u2013 Nyit\u00f3 el\u0151ad\u00e1s Lannert Judit: Korai intervenci\u00f3 Magyarorsz\u00e1gon \u2013 \u00fajraind\u00edt\u00e1s vagy folytat\u00e1s?<\/p>\n<p>10:35\u201311:00 \u2013 El\u0151ad\u00e1s Liana Ghent (International Step by Step Association \u2013 ISSA, \u00fcgyvezet\u0151 igazgat\u00f3): Az egy\u00fcttm\u0171k\u00f6d\u00e9s \u00e9s a h\u00e1l\u00f3zatok szerepe a kisgyermekek fejl\u0151d\u00e9s\u00e9nek, valamint a sz\u00fcl\u0151k \u00e9s szakemberek t\u00e1mogat\u00e1s\u00e1ban<\/p>\n<p>11:00\u201311:20 \u2013 El\u0151ad\u00e1s Magyarorsz\u00e1g helyzete \u2013 kutat\u00e1sok \u00e9s eredm\u00e9nyek az oktat\u00e1sban \u00e9s fejleszt\u00e9sben Az Egyens\u00faly Int\u00e9zet kutat\u00f3i \u2013 Boros Tam\u00e1s, Filippov G\u00e1bor<\/p>\n<p>11:20\u201312:00 \u2013 Minifesto &#8211; D\u00edjazzuk azokat a telep\u00fcl\u00e9seket, ahol a legjobb gyereknek lenni. D\u00edj\u00e1tad\u00f3 \u00e9s panelbesz\u00e9lget\u00e9s a zs\u0171ri tagjaival<\/p>\n<ul>\n<li>Aschenbrenner Zsuzsanna, p\u00e1r- \u00e9s csal\u00e1dterapeuta, integr\u00e1lt sz\u00fcl\u0151-csecsem\u0151\/kisgyermek konzulens \u00e9s autizmus-szaktan\u00e1csad\u00f3<\/li>\n<li>Bata Bogl\u00e1rka, a K\u00e1rp\u00e1tok Alap\u00edtv\u00e1ny-Magyarorsz\u00e1g \u00fcgyvezet\u0151 igazgat\u00f3ja, a Koragyerekkori Platform alap\u00edt\u00f3 tagja<\/li>\n<li>L. Rit\u00f3k N\u00f3ra, az Igazgy\u00f6ngy Alap\u00edtv\u00e1ny szakmai vezet\u0151je<\/li>\n<li>T\u00f3th Ildik\u00f3, ingatlanbefektet\u0151, \u00fczletasszony, a C\u00e1p\u00e1k k\u00f6z\u00f6tt m\u0171sor szerepl\u0151je<\/li>\n<li>T\u00f3th Lucia Krisztina, Kisr\u00e9cse k\u00f6zs\u00e9g polg\u00e1rmestere, a T\u00d6OSZ ifj\u00fas\u00e1gi \u00e9s gyermekv\u00e9delmi tan\u00e1csnoka<\/li>\n<li>T\u00f6rley Katalin, a Tan\u00edtan\u00e9k Mozgalom alap\u00edt\u00f3ja<\/li>\n<\/ul>\n<p>12:00\u201313:00 \u2013 Eb\u00e9dsz\u00fcnet<\/p>\n<p>13:00\u201314:30 \u2013 Workshopok<\/p>\n<ul>\n<li>A form\u00e1lis szolg\u00e1ltat\u00e1sokhoz kapcsol\u00f3d\u00f3 inkluz\u00edv programok. Integr\u00e1lt k\u00f6z\u00f6ss\u00e9gi szolg\u00e1ltat\u00e1sok a soksz\u00edn\u0171 csal\u00e1dokhoz igazodva<\/li>\n<li>Az \u00f6nkorm\u00e1nyzatok szerepe \u00e9s felel\u0151ss\u00e9ge &#8211; Koragyermekkori fejleszt\u00e9s helyi szinten: j\u00f3 gyakorlatok, kih\u00edv\u00e1sok \u00e9s j\u00f6v\u0151beli ir\u00e1nyok<\/li>\n<li>Szakpolitika \u2013 Mit lehet tenni a rendszerszint\u0171 v\u00e1ltoz\u00e1s\u00e9rt?<\/li>\n<li>Besz\u00e9lget\u00e9s a Magyarorsz\u00e1g-k\u00e9zik\u00f6nyv \u2014 33 megold\u00e1s 33 \u00e9get\u0151 probl\u00e9m\u00e1ra k\u00f6nyv szerz\u0151ivel<\/li>\n<li>A m\u00e9lyszeg\u00e9nys\u00e9gb\u0151l kit\u00f6r\u00e9s lehet\u0151s\u00e9gei \u2013 megk\u00f6zel\u00edt\u00e9sek, modellek, j\u00f3 gyakorlatok<\/li>\n<\/ul>\n<p>14:30 \u2013 14:45 Sz\u00fcnet<\/p>\n<p>14:45 \u2013 16:15 \u2013 Workshopok<\/p>\n<ul>\n<li>A ment\u00e1lis eg\u00e9szs\u00e9g er\u0151s\u00edt\u00e9se kisgyermekkorban. Mire figyelj\u00fcnk? Hogyan csin\u00e1ljuk?<\/li>\n<li>Mit szeretn\u00e9nek a gyerekek? M\u00f3dszerek \u00e9s j\u00f3 gyakorlatok arra, hogyan vegy\u00fck figyelembe a kisgyermekek v\u00e9lem\u00e9ny\u00e9t az \u0151ket \u00e9rint\u0151 k\u00e9rd\u00e9sekben.<\/li>\n<li>Gyermekk\u00f6zpont\u00fa oszt\u00e1lyterem \u2013 lehet\u0151s\u00e9gek \u00e9s m\u00f3dszerek az \u00e1ltal\u00e1nos iskola als\u00f3 tagozat\u00e1ban.<\/li>\n<li>Az \u00f3vodapedag\u00f3gusok nem mag\u00e1nyos harcosok. Egy\u00fcttm\u0171k\u00f6d\u00e9s az \u00f3voda, a b\u00f6lcs\u0151de \u00e9s a kapcsol\u00f3d\u00f3 t\u00e1mogat\u00f3 szolg\u00e1ltat\u00e1sok k\u00f6z\u00f6tt.<\/li>\n<\/ul>\n<p>16:20\u201317:00 \u2013 \u00d6sszegz\u00e9s, a konferencia z\u00e1r\u00e1sa<\/p>\n<p>&nbsp;<\/p>\n<p><strong>R\u00e9szv\u00e9teli d\u00edj:<\/strong><\/p>\n<p>4000 Ft + \u00c1FA, azaz brutt\u00f3 5.082 Ft.<\/p>\n\n\t\t<\/div>\n\t<\/div>\n\n\t<div class=\"wpb_text_column wpb_content_element\" >\n\t\t<div class=\"wpb_wrapper\">\n\t\t\t<p>EL\u0150AD\u00d3INK<\/p>\n\n\t\t<\/div>\n\t<\/div>\n<\/div><\/div><\/div><\/div><div class=\"vc_row wpb_row vc_row-fluid\"><div class=\"wpb_column vc_column_container vc_col-sm-4\"><div class=\"vc_column-inner\"><div class=\"wpb_wrapper\">\n\t<div  class=\"wpb_single_image wpb_content_element vc_align_left wpb_content_element\">\n\t\t\n\t\t<figure class=\"wpb_wrapper vc_figure\">\n\t\t\t<div class=\"vc_single_image-wrapper   vc_box_border_grey\"><img loading=\"lazy\" decoding=\"async\" width=\"150\" height=\"150\" src=\"https:\/\/partnershungary.hu\/wp-content\/uploads\/2026\/04\/LannertJudit-150x150.jpg\" class=\"vc_single_image-img attachment-thumbnail\" alt=\"\" title=\"LannertJudit\" srcset=\"https:\/\/partnershungary.hu\/wp-content\/uploads\/2026\/04\/LannertJudit-150x150.jpg 150w, https:\/\/partnershungary.hu\/wp-content\/uploads\/2026\/04\/LannertJudit-300x300.jpg 300w, https:\/\/partnershungary.hu\/wp-content\/uploads\/2026\/04\/LannertJudit-100x100.jpg 100w\" sizes=\"auto, (max-width: 150px) 100vw, 150px\" \/><\/div>\n\t\t<\/figure>\n\t<\/div>\n\n\t<div class=\"wpb_text_column wpb_content_element\" >\n\t\t<div class=\"wpb_wrapper\">\n\t\t\t<p><strong>Lannert Judit<\/strong><\/p>\n<p>Oktat\u00e1skutat\u00f3<\/p>\n<p>T-Tudok Tud\u00e1smenedzsment \u00e9s Oktat\u00e1skutat\u00f3 K\u00f6zpont<\/p>\n\n\t\t<\/div>\n\t<\/div>\n<\/div><\/div><\/div><div class=\"wpb_column vc_column_container vc_col-sm-4\"><div class=\"vc_column-inner\"><div class=\"wpb_wrapper\">\n\t<div  class=\"wpb_single_image wpb_content_element vc_align_left wpb_content_element\">\n\t\t\n\t\t<figure class=\"wpb_wrapper vc_figure\">\n\t\t\t<div class=\"vc_single_image-wrapper   vc_box_border_grey\"><img loading=\"lazy\" decoding=\"async\" width=\"150\" height=\"150\" src=\"https:\/\/partnershungary.hu\/wp-content\/uploads\/2026\/04\/Liana-Ghent-150x150.jpg\" class=\"vc_single_image-img attachment-thumbnail\" alt=\"\" title=\"Liana Ghent\" srcset=\"https:\/\/partnershungary.hu\/wp-content\/uploads\/2026\/04\/Liana-Ghent-150x150.jpg 150w, https:\/\/partnershungary.hu\/wp-content\/uploads\/2026\/04\/Liana-Ghent-300x300.jpg 300w, https:\/\/partnershungary.hu\/wp-content\/uploads\/2026\/04\/Liana-Ghent-1024x1018.jpg 1024w, https:\/\/partnershungary.hu\/wp-content\/uploads\/2026\/04\/Liana-Ghent-768x763.jpg 768w, https:\/\/partnershungary.hu\/wp-content\/uploads\/2026\/04\/Liana-Ghent-12x12.jpg 12w, https:\/\/partnershungary.hu\/wp-content\/uploads\/2026\/04\/Liana-Ghent-600x596.jpg 600w, https:\/\/partnershungary.hu\/wp-content\/uploads\/2026\/04\/Liana-Ghent-100x100.jpg 100w, https:\/\/partnershungary.hu\/wp-content\/uploads\/2026\/04\/Liana-Ghent.jpg 1184w\" sizes=\"auto, (max-width: 150px) 100vw, 150px\" \/><\/div>\n\t\t<\/figure>\n\t<\/div>\n\n\t<div class=\"wpb_text_column wpb_content_element\" >\n\t\t<div class=\"wpb_wrapper\">\n\t\t\t<p>Liana Ghent<\/p>\n<p>Az International Step by Step Association igazgat\u00f3ja<\/p>\n\n\t\t<\/div>\n\t<\/div>\n<\/div><\/div><\/div><div class=\"wpb_column vc_column_container vc_col-sm-4\"><div class=\"vc_column-inner\"><div class=\"wpb_wrapper\">\n\t<div  class=\"wpb_single_image wpb_content_element vc_align_left wpb_content_element\">\n\t\t\n\t\t<figure class=\"wpb_wrapper vc_figure\">\n\t\t\t<div class=\"vc_single_image-wrapper   vc_box_border_grey\"><img loading=\"lazy\" decoding=\"async\" width=\"150\" height=\"150\" src=\"https:\/\/partnershungary.hu\/wp-content\/uploads\/2026\/04\/Filippov-Gabor-150x150.jpg\" class=\"vc_single_image-img attachment-thumbnail\" alt=\"\" title=\"DSC00231-Edit\" srcset=\"https:\/\/partnershungary.hu\/wp-content\/uploads\/2026\/04\/Filippov-Gabor-150x150.jpg 150w, https:\/\/partnershungary.hu\/wp-content\/uploads\/2026\/04\/Filippov-Gabor-12x12.jpg 12w, https:\/\/partnershungary.hu\/wp-content\/uploads\/2026\/04\/Filippov-Gabor-300x300.jpg 300w, https:\/\/partnershungary.hu\/wp-content\/uploads\/2026\/04\/Filippov-Gabor-100x100.jpg 100w\" sizes=\"auto, (max-width: 150px) 100vw, 150px\" \/><\/div>\n\t\t<\/figure>\n\t<\/div>\n\n\t<div class=\"wpb_text_column wpb_content_element\" >\n\t\t<div class=\"wpb_wrapper\">\n\t\t\t<p><strong>Filippov G\u00e1bor<\/strong><\/p>\n<p><span data-olk-copy-source=\"MessageBody\">Egyens\u00faly Int\u00e9zet, kutat\u00e1si igazgat\u00f3<\/span><\/p>\n\n\t\t<\/div>\n\t<\/div>\n<\/div><\/div><\/div><\/div><div class=\"vc_row wpb_row vc_row-fluid\"><div class=\"wpb_column vc_column_container vc_col-sm-12\"><div class=\"vc_column-inner\"><div class=\"wpb_wrapper\"><style id=\"wpforms-css-vars-6176\">\n\t\t\t\t#wpforms-6176 {\n\t\t\t\t--wpforms-field-border-color: #c6cbc6;\n--wpforms-field-border-color-spare: #c6cbc6;\n--wpforms-field-text-color: #383c39;\n--wpforms-label-color: #383c39;\n--wpforms-label-sublabel-color: #707971;\n--wpforms-label-error-color: #d63636;\n--wpforms-button-background-color: #58bb5d;\n--wpforms-button-border-color: #58bb5d;\n--wpforms-button-text-color: #eef8ef;\n--wpforms-container-border-radius: 0px;\n--wpforms-page-break-color: #58bb5d;\n--wpforms-field-size-input-height: 43px;\n--wpforms-field-size-input-spacing: 15px;\n--wpforms-field-size-font-size: 16px;\n--wpforms-field-size-line-height: 19px;\n--wpforms-field-size-padding-h: 14px;\n--wpforms-field-size-checkbox-size: 16px;\n--wpforms-field-size-sublabel-spacing: 5px;\n--wpforms-field-size-icon-size: 1;\n--wpforms-label-size-font-size: 16px;\n--wpforms-label-size-line-height: 19px;\n--wpforms-label-size-sublabel-font-size: 14px;\n--wpforms-label-size-sublabel-line-height: 17px;\n--wpforms-button-size-font-size: 17px;\n--wpforms-button-size-height: 41px;\n--wpforms-button-size-padding-h: 15px;\n--wpforms-button-size-margin-top: 10px;\n--wpforms-container-shadow-size-box-shadow: none;\n\t\t\t}\n\t\t\t<\/style><div class=\"wpforms-container wpforms-container-full wpforms-render-modern\" id=\"wpforms-6176\"><form id=\"wpforms-form-6176\" class=\"wpforms-validate wpforms-form wpforms-ajax-form\" data-formid=\"6176\" method=\"post\" enctype=\"multipart\/form-data\" action=\"\/en\/wp-json\/wp\/v2\/pages\/6171\" data-token=\"f0197579d05d3c88427880b04d7edaf0\" data-token-time=\"1776762392\"><noscript class=\"wpforms-error-noscript\">Please enable JavaScript in your browser to complete this form.<\/noscript><div id=\"wpforms-error-noscript\" style=\"display: none;\">Please enable JavaScript in your browser to complete this form.<\/div><div class=\"wpforms-field-container\"><div id=\"wpforms-6176-field_25-container\" class=\"wpforms-field wpforms-field-divider\" data-field-id=\"25\"><h3 id=\"wpforms-6176-field_25\" aria-errormessage=\"wpforms-6176-field_25-error\" aria-describedby=\"wpforms-6176-field_25-description\">R\u00e9sztvev\u0151 adatai<\/h3><div id=\"wpforms-6176-field_25-description\" class=\"wpforms-field-description\">A *-gal jel\u00f6lt mez\u0151k kit\u00f6lt\u00e9se k\u00f6telez\u0151.<\/div><\/div><div id=\"wpforms-6176-field_41-container\" class=\"wpforms-field wpforms-field-text\" data-field-id=\"41\"><label class=\"wpforms-field-label\" for=\"wpforms-6176-field_41\">R\u00e9sztvev\u0151 neve <span class=\"wpforms-required-label\" aria-hidden=\"true\">*<\/span><\/label><input type=\"text\" id=\"wpforms-6176-field_41\" class=\"wpforms-field-medium wpforms-field-required\" name=\"wpforms[fields][41]\" aria-errormessage=\"wpforms-6176-field_41-error\" required><\/div>\t\t<div id=\"wpforms-6176-field_1-container\"\n\t\t\tclass=\"wpforms-field wpforms-field-text\"\n\t\t\tdata-field-type=\"text\"\n\t\t\tdata-field-id=\"1\"\n\t\t\t>\n\t\t\t<label class=\"wpforms-field-label\" for=\"wpforms-6176-field_1\" >R\u00e9sztvev\u0151 Szervezet, adatai<\/label>\n\t\t\t<input type=\"text\" id=\"wpforms-6176-field_1\" class=\"wpforms-field-medium\" name=\"wpforms[fields][1]\" >\n\t\t<\/div>\n\t\t<div id=\"wpforms-6176-field_6-container\" class=\"wpforms-field wpforms-field-text\" data-field-id=\"6\"><label class=\"wpforms-field-label\" for=\"wpforms-6176-field_6\">Szervezet, int\u00e9zm\u00e9ny neve <span class=\"wpforms-required-label\" aria-hidden=\"true\">*<\/span><\/label><input type=\"text\" id=\"wpforms-6176-field_6\" class=\"wpforms-field-medium wpforms-field-required\" name=\"wpforms[fields][6]\" aria-errormessage=\"wpforms-6176-field_6-error\" aria-describedby=\"wpforms-6176-field_6-description\" required><div id=\"wpforms-6176-field_6-description\" class=\"wpforms-field-description\">K\u00e9rj\u00fck, adja meg a kapcsolattart\u00f3 szervezeten bel\u00fcli szerep\u00e9t.<\/div><\/div><div id=\"wpforms-6176-field_2-container\" class=\"wpforms-field wpforms-field-text\" data-field-id=\"2\"><label class=\"wpforms-field-label\" for=\"wpforms-6176-field_2\">Sz\u00e1ml\u00e1z\u00e1si c\u00edm (szervezet, int\u00e9zm\u00e9ny eset\u00e9n a szervezet c\u00edme) <span class=\"wpforms-required-label\" aria-hidden=\"true\">*<\/span><\/label><input type=\"text\" id=\"wpforms-6176-field_2\" class=\"wpforms-field-medium wpforms-field-required\" name=\"wpforms[fields][2]\" aria-errormessage=\"wpforms-6176-field_2-error\" aria-describedby=\"wpforms-6176-field_2-description\" required><div id=\"wpforms-6176-field_2-description\" class=\"wpforms-field-description\">Ha a k\u00f6lts\u00e9gvisel\u0151 szervezet vagy int\u00e9zm\u00e9ny, adja meg a hivatalos nevet \u00e9s c\u00edmet.<\/div><\/div><div id=\"wpforms-6176-field_4-container\" class=\"wpforms-field wpforms-field-email\" data-field-id=\"4\"><label class=\"wpforms-field-label\" for=\"wpforms-6176-field_4\">E-mail c\u00edm <span class=\"wpforms-required-label\" aria-hidden=\"true\">*<\/span><\/label><input type=\"email\" id=\"wpforms-6176-field_4\" class=\"wpforms-field-medium wpforms-field-required\" name=\"wpforms[fields][4]\" spellcheck=\"false\" aria-errormessage=\"wpforms-6176-field_4-error\" required><\/div><div id=\"wpforms-6176-field_7-container\" class=\"wpforms-field wpforms-field-text\" data-field-id=\"7\"><label class=\"wpforms-field-label\" for=\"wpforms-6176-field_7\">Telefonsz\u00e1m <span class=\"wpforms-required-label\" aria-hidden=\"true\">*<\/span><\/label><input type=\"text\" id=\"wpforms-6176-field_7\" class=\"wpforms-field-medium wpforms-field-required\" name=\"wpforms[fields][7]\" aria-errormessage=\"wpforms-6176-field_7-error\" aria-describedby=\"wpforms-6176-field_7-description\" required><div id=\"wpforms-6176-field_7-description\" class=\"wpforms-field-description\">K\u00e9rj\u00fck, olyan telefonsz\u00e1mot adjon meg, amelyen sz\u00fcks\u00e9g eset\u00e9n el\u00e9rhet\u0151.<\/div><\/div><div id=\"wpforms-6176-field_18-container\" class=\"wpforms-field wpforms-field-text\" data-field-id=\"18\"><label class=\"wpforms-field-label\" for=\"wpforms-6176-field_18\">A r\u00e9sztvev\u0151 munkak\u00f6re <span class=\"wpforms-required-label\" aria-hidden=\"true\">*<\/span><\/label><input type=\"text\" id=\"wpforms-6176-field_18\" class=\"wpforms-field-medium wpforms-field-required\" name=\"wpforms[fields][18]\" aria-errormessage=\"wpforms-6176-field_18-error\" required><\/div><div id=\"wpforms-6176-field_24-container\" class=\"wpforms-field wpforms-field-checkbox\" data-field-id=\"24\"><fieldset><legend class=\"wpforms-field-label\">Nyilatkozatok <span class=\"wpforms-required-label\" aria-hidden=\"true\">*<\/span><\/legend><ul id=\"wpforms-6176-field_24\" class=\"wpforms-field-required\"><li class=\"choice-1 depth-1\"><input type=\"checkbox\" id=\"wpforms-6176-field_24_1\" name=\"wpforms[fields][24][]\" value=\"Elfogadom az adatkezel\u00e9si felt\u00e9teleket.\" aria-errormessage=\"wpforms-6176-field_24_1-error\" required ><label class=\"wpforms-field-label-inline\" for=\"wpforms-6176-field_24_1\">Elfogadom az adatkezel\u00e9si felt\u00e9teleket.<\/label><\/li><\/ul><\/fieldset><\/div><div id=\"wpforms-6176-field_43-container\" class=\"wpforms-field wpforms-field-divider\" data-field-id=\"43\"><h3 id=\"wpforms-6176-field_43\" aria-errormessage=\"wpforms-6176-field_43-error\">Tov\u00e1bbi rendelkez\u00e9sek<\/h3><\/div><div id=\"wpforms-6176-field_44-container\" class=\"wpforms-field wpforms-field-content\" data-field-id=\"44\"><div id=\"wpforms-6176-field_44\" class=\"wpforms-field-medium wpforms-field-row\" aria-errormessage=\"wpforms-6176-field_44-error\"><p>A Partners Hungary Alap\u00edtv\u00e1ny fenntartja a jogot a rendezv\u00e9ny programj\u00e1nak megv\u00e1ltoztat\u00e1s\u00e1ra sz\u00fcks\u00e9g eset\u00e9n.<\/p>\n<div class=\"wpforms-field-content-display-frontend-clear\"><\/div><\/div><\/div><script>\n\t\t\t\t( function() {\n\t\t\t\t\tconst style = document.createElement( 'style' );\n\t\t\t\t\tstyle.appendChild( document.createTextNode( '#wpforms-6176-field_1-container { position: absolute !important; overflow: hidden !important; display: inline !important; height: 1px !important; width: 1px !important; z-index: -1000 !important; padding: 0 !important; } #wpforms-6176-field_1-container input { visibility: hidden; } #wpforms-conversational-form-page #wpforms-6176-field_1-container label { counter-increment: none; }' ) );\n\t\t\t\t\tdocument.head.appendChild( style );\n\t\t\t\t\tdocument.currentScript?.remove();\n\t\t\t\t} )();\n\t\t\t<\/script><\/div><!-- .wpforms-field-container --><div class=\"wpforms-submit-container\" ><input type=\"hidden\" name=\"wpforms[id]\" value=\"6176\"><input type=\"hidden\" name=\"page_title\" value=\"\"><input type=\"hidden\" name=\"page_url\" value=\"https:\/\/partnershungary.hu\/en\/wp-json\/wp\/v2\/pages\/6171\"><input type=\"hidden\" name=\"url_referer\" value=\"\"><button type=\"submit\" name=\"wpforms[submit]\" id=\"wpforms-submit-6176\" class=\"wpforms-submit\" data-alt-text=\"K\u00fcld\u00e9s...\" data-submit-text=\"Bek\u00fcld\u00f6m\" aria-live=\"assertive\" value=\"wpforms-submit\">Bek\u00fcld\u00f6m<\/button><img loading=\"lazy\" decoding=\"async\" src=\"https:\/\/partnershungary.hu\/wp-content\/plugins\/wpforms\/assets\/images\/submit-spin.svg\" class=\"wpforms-submit-spinner\" style=\"display: none;\" width=\"26\" height=\"26\" alt=\"Loading\"><\/div><\/form><\/div>  <!-- .wpforms-container --><\/div><\/div><\/div><\/div>\n<\/div>","protected":false},"excerpt":{"rendered":"&nbsp; &nbsp; 2026. j\u00fanius 4-\u00e9n ker\u00fcl megrendez\u00e9sre a Koragyermekkori Platform II. orsz\u00e1gos konferenci\u00e1ja, amelynek id\u00e9n egyik szervez\u0151je a Partners Hungary Alap\u00edtv\u00e1ny. Konferencia a helyi szint\u0171 egy\u00fcttm\u0171k\u00f6d\u00e9sek szerep\u00e9re, k\u00fcl\u00f6n\u00f6sen az \u00f6nkorm\u00e1nyzatok felel\u0151ss\u00e9g\u00e9re f\u00f3kusz\u00e1lt a koragyermekkori szolg\u00e1ltat\u00e1sok ter\u00e9n. Koragyerekkori Platform 2024 \u00e9v v\u00e9g\u00e9n j\u00f6tt l\u00e9tre sz\u00e1mos szakember, civil \u00e9s oktat\u00e1si, szakmai szervezet kezdem\u00e9nyez\u00e9s\u00e9re. A platform c\u00e9lja, hogy [...]","protected":false},"author":2,"featured_media":0,"parent":0,"menu_order":0,"comment_status":"closed","ping_status":"closed","template":"","meta":{"_seopress_robots_primary_cat":"","_seopress_titles_title":"","_seopress_titles_desc":"2026. j\u00fanius 4: a Koragyermekkori Platform II. orsz\u00e1gos konferenci\u00e1ja, a helyi szint\u0171 egy\u00fcttm\u0171k\u00f6d\u00e9sek szerep\u00e9r\u0151l","_seopress_robots_index":"","footnotes":""},"class_list":["post-6171","page","type-page","status-publish","hentry"],"_links":{"self":[{"href":"https:\/\/partnershungary.hu\/en\/wp-json\/wp\/v2\/pages\/6171","targetHints":{"allow":["GET"]}}],"collection":[{"href":"https:\/\/partnershungary.hu\/en\/wp-json\/wp\/v2\/pages"}],"about":[{"href":"https:\/\/partnershungary.hu\/en\/wp-json\/wp\/v2\/types\/page"}],"author":[{"embeddable":true,"href":"https:\/\/partnershungary.hu\/en\/wp-json\/wp\/v2\/users\/2"}],"replies":[{"embeddable":true,"href":"https:\/\/partnershungary.hu\/en\/wp-json\/wp\/v2\/comments?post=6171"}],"version-history":[{"count":8,"href":"https:\/\/partnershungary.hu\/en\/wp-json\/wp\/v2\/pages\/6171\/revisions"}],"predecessor-version":[{"id":6195,"href":"https:\/\/partnershungary.hu\/en\/wp-json\/wp\/v2\/pages\/6171\/revisions\/6195"}],"wp:attachment":[{"href":"https:\/\/partnershungary.hu\/en\/wp-json\/wp\/v2\/media?parent=6171"}],"curies":[{"name":"wp","href":"https:\/\/api.w.org\/{rel}","templated":true}]}}