{"id":61,"date":"2017-11-01T08:23:24","date_gmt":"2017-11-01T08:23:24","guid":{"rendered":"http:\/\/www.partnershungary.hu\/?page_id=61"},"modified":"2022-11-29T14:46:23","modified_gmt":"2022-11-29T13:46:23","slug":"partners-hungary-alapitvany","status":"publish","type":"page","link":"https:\/\/partnershungary.hu\/en\/","title":{"rendered":"Partners Hungary Foundation"},"content":{"rendered":"<div class=\"wpb-content-wrapper\"><div data-vc-full-width=\"true\" data-vc-full-width-temp=\"true\" data-vc-full-width-init=\"false\" data-vc-stretch-content=\"true\" class=\"vc_row wpb_row vc_row-fluid vc_row-no-padding\"><div class=\"wpb_column vc_column_container vc_col-sm-12\"><div class=\"vc_column-inner\"><div class=\"wpb_wrapper\">\n\t\t\t<!-- START Front page slider REVOLUTION SLIDER 6.4.6 --><p class=\"rs-p-wp-fix\"><\/p>\n\t\t\t<rs-module-wrap id=\"rev_slider_1_1_wrapper\" data-source=\"gallery\" style=\"background:transparent;padding:0;margin:0px auto;margin-top:0;margin-bottom:0;\">\n\t\t\t\t<rs-module id=\"rev_slider_1_1\" style=\"\" data-version=\"6.4.6\">\n\t\t\t\t\t<rs-slides>\n\t\t\t\t\t\t<rs-slide data-key=\"rs-1\" data-title=\"Slide\" data-anim=\"ms:600;\" data-in=\"o:0;\" data-out=\"a:false;\">\n\t\t\t\t\t\t\t<img decoding=\"async\" src=\"\/\/partnershungary.hu\/wp-content\/uploads\/2017\/11\/partners-hungary-slide.jpg\" title=\"Partners Hungary Foundation\" class=\"rev-slidebg tp-rs-img\" data-no-retina>\n<!---->\t\t\t\t\t\t<\/rs-slide>\n\t\t\t\t\t\t<rs-slide data-key=\"rs-2\" data-title=\"Slide\" data-anim=\"ms:600;r:0;\" data-in=\"o:0;\" data-out=\"a:false;\">\n\t\t\t\t\t\t\t<img loading=\"lazy\" decoding=\"async\" src=\"\/\/partnershungary.hu\/wp-content\/uploads\/2020\/06\/boy-330582_1280.jpg\" title=\"inclusive education\" width=\"1280\" height=\"853\" class=\"rev-slidebg tp-rs-img\" data-no-retina>\n<!---->\t\t\t\t\t\t<\/rs-slide>\n\t\t\t\t\t<\/rs-slides>\n\t\t\t\t\t<rs-static-layers><!--\n\n\t\t\t\t\t\t\t--><rs-layer\n\t\t\t\t\t\t\t\tid=\"slider-1-slide-1-layer-1\" \n\t\t\t\t\t\t\t\tclass=\"rs-layer-static\"\n\t\t\t\t\t\t\t\tdata-type=\"text\"\n\t\t\t\t\t\t\t\tdata-rsp_ch=\"on\"\n\t\t\t\t\t\t\t\tdata-xy=\"xo:100px;yo:100px;\"\n\t\t\t\t\t\t\t\tdata-text=\"s:64;l:72;fw:700;a:inherit;\"\n\t\t\t\t\t\t\t\tdata-onslides=\"s:1;\"\n\t\t\t\t\t\t\t\tdata-frame_0=\"tp:600;\"\n\t\t\t\t\t\t\t\tdata-frame_1=\"tp:600;st:0;\"\n\t\t\t\t\t\t\t\tdata-frame_999=\"o:0;tp:600;st:9000;sR:8700;\"\n\t\t\t\t\t\t\t\tstyle=\"z-index:5;font-family:PT Sans;\"\n\t\t\t\t\t\t\t>PEOPLE AND COMMUNITIES \n\t\t\t\t\t\t\t<\/rs-layer><!--\n\n\t\t\t\t\t\t\t--><rs-layer\n\t\t\t\t\t\t\t\tid=\"slider-1-slide-1-layer-2\" \n\t\t\t\t\t\t\t\tclass=\"rs-layer-static\"\n\t\t\t\t\t\t\t\tdata-type=\"text\"\n\t\t\t\t\t\t\t\tdata-rsp_ch=\"on\"\n\t\t\t\t\t\t\t\tdata-xy=\"xo:100px;yo:180px;\"\n\t\t\t\t\t\t\t\tdata-text=\"s:46;l:50;a:inherit;\"\n\t\t\t\t\t\t\t\tdata-onslides=\"s:1;\"\n\t\t\t\t\t\t\t\tdata-frame_0=\"tp:600;\"\n\t\t\t\t\t\t\t\tdata-frame_1=\"tp:600;st:0;\"\n\t\t\t\t\t\t\t\tdata-frame_999=\"o:0;tp:600;st:9000;sR:8700;\"\n\t\t\t\t\t\t\t\tstyle=\"z-index:6;font-family:PT Sans;\"\n\t\t\t\t\t\t\t>since 1994. \n\t\t\t\t\t\t\t<\/rs-layer><!--\n\t\t\t\t\t--><\/rs-static-layers>\n\t\t\t\t<\/rs-module>\n\t\t\t\t<script type=\"text\/javascript\">\n\t\t\t\t\tsetREVStartSize({c: 'rev_slider_1_1',rl:[1240,1024,1024,1024],el:[530,460,460,460],gw:[1240,1024,1024,1024],gh:[530,460,460,460],type:'standard',justify:'',layout:'fullwidth',mh:\"0\"});\n\t\t\t\t\tvar\trevapi1,\n\t\t\t\t\t\ttpj;\n\t\t\t\t\tfunction revinit_revslider11() {\n\t\t\t\t\tjQuery(function() {\n\t\t\t\t\t\ttpj = jQuery;\n\t\t\t\t\t\trevapi1 = tpj(\"#rev_slider_1_1\");\n\t\t\t\t\t\tif(revapi1==undefined || revapi1.revolution == undefined){\n\t\t\t\t\t\t\trevslider_showDoubleJqueryError(\"rev_slider_1_1\");\n\t\t\t\t\t\t}else{\n\t\t\t\t\t\t\trevapi1.revolution({\n\t\t\t\t\t\t\t\tsliderLayout:\"fullwidth\",\n\t\t\t\t\t\t\t\tvisibilityLevels:\"1240,1024,1024,1024\",\n\t\t\t\t\t\t\t\tgridwidth:\"1240,1024,1024,1024\",\n\t\t\t\t\t\t\t\tgridheight:\"530,460,460,460\",\n\t\t\t\t\t\t\t\tspinner:\"spinner0\",\n\t\t\t\t\t\t\t\tperspective:600,\n\t\t\t\t\t\t\t\tperspectiveType:\"local\",\n\t\t\t\t\t\t\t\teditorheight:\"530,460,960,720\",\n\t\t\t\t\t\t\t\tresponsiveLevels:\"1240,1024,1024,1024\",\n\t\t\t\t\t\t\t\tprogressBar:{disableProgressBar:true},\n\t\t\t\t\t\t\t\tnavigation: {\n\t\t\t\t\t\t\t\t\tonHoverStop:false\n\t\t\t\t\t\t\t\t},\n\t\t\t\t\t\t\t\tfallbacks: {\n\t\t\t\t\t\t\t\t\tallowHTML5AutoPlayOnAndroid:true\n\t\t\t\t\t\t\t\t},\n\t\t\t\t\t\t\t});\n\t\t\t\t\t\t}\n\t\t\t\t\t\t\n\t\t\t\t\t});\n\t\t\t\t\t} \/\/ End of RevInitScript\n\t\t\t\tvar once_revslider11 = false;\n\t\t\t\tif (document.readyState === \"loading\") {document.addEventListener('readystatechange',function() { if((document.readyState === \"interactive\" || document.readyState === \"complete\") && !once_revslider11 ) { once_revslider11 = true; revinit_revslider11();}});} else {once_revslider11 = true; revinit_revslider11();}\n\t\t\t\t<\/script>\n\t\t\t<\/rs-module-wrap>\n\t\t\t<!-- END REVOLUTION SLIDER -->\n<div class=\"vc_empty_space\"   style=\"height: 64px\"><span class=\"vc_empty_space_inner\"><\/span><\/div><\/div><\/div><\/div><\/div><div class=\"vc_row-full-width vc_clearfix\"><\/div><div class=\"vc_row wpb_row vc_row-fluid\"><div class=\"wpb_column vc_column_container vc_col-sm-12\"><div class=\"vc_column-inner\"><div class=\"wpb_wrapper\"><h2 style=\"text-align: center\" class=\"vc_custom_heading vc_do_custom_heading\" >This is what we do, this is what we do<\/h2><\/div><\/div><\/div><\/div><div class=\"vc_row wpb_row vc_row-fluid\"><div class=\"wpb_column vc_column_container vc_col-sm-4\"><div class=\"vc_column-inner\"><div class=\"wpb_wrapper\">\n\t<div  class=\"wpb_single_image wpb_content_element vc_align_center wpb_content_element wpb_animate_when_almost_visible wpb_fadeInLeft fadeInLeft\">\n\t\t\n\t\t<figure class=\"wpb_wrapper vc_figure\">\n\t\t\t<div class=\"vc_single_image-wrapper vc_box_outline_circle  vc_box_border_peacoc\"><img decoding=\"async\" class=\"vc_single_image-img\" src=\"https:\/\/partnershungary.hu\/wp-content\/uploads\/2020\/07\/konfliktuskezeles_ikon-200x200.png\" width=\"200\" height=\"200\" alt=\"konfliktuskezeles_ikon\" title=\"conflict_management_icon\" loading=\"lazy\" \/><\/div>\n\t\t<\/figure>\n\t<\/div>\n<h3 style=\"text-align: center\" class=\"vc_custom_heading vc_do_custom_heading\" ><a href=\"https:\/\/partnershungary.hu\/en\/konfliktuskezelesi-technikak\/\" title=\"Conflict resolution\">Conflict resolution<\/a><\/h3>\n\t<div class=\"wpb_text_column wpb_content_element\" >\n\t\t<div class=\"wpb_wrapper\">\n\t\t\t<p>In general, the word \"conflict\" has a somewhat pejorative connotation, it is seen as a bad thing to be avoided. We think differently. Every society, community, organisation, human relationship goes through conflicts from time to time in the course of everyday interaction. If we have the means, conflict is an opportunity to develop a framework that works for everyone. Through mediation and restorative practices, we support individuals and communities who come to us to do this.<\/p>\n\n\t\t<\/div>\n\t<\/div>\n<\/div><\/div><\/div><div class=\"wpb_column vc_column_container vc_col-sm-4\"><div class=\"vc_column-inner\"><div class=\"wpb_wrapper\">\n\t<div  class=\"wpb_single_image wpb_content_element vc_align_center wpb_content_element wpb_animate_when_almost_visible wpb_fadeIn fadeIn\">\n\t\t\n\t\t<figure class=\"wpb_wrapper vc_figure\">\n\t\t\t<div class=\"vc_single_image-wrapper vc_box_outline_circle  vc_box_border_peacoc\"><img decoding=\"async\" class=\"vc_single_image-img\" src=\"https:\/\/partnershungary.hu\/wp-content\/uploads\/2020\/07\/tarsadalmi_integracio_icon-1-200x200.jpg\" width=\"200\" height=\"200\" alt=\"tarsadalmi_integracio_icon\" title=\"tarsadalmi_integracio_icon\" loading=\"lazy\" \/><\/div>\n\t\t<\/figure>\n\t<\/div>\n<h3 style=\"text-align: center\" class=\"vc_custom_heading vc_do_custom_heading\" ><a href=\"https:\/\/partnershungary.hu\/en\/tarsadalmi-integracio\/\" title=\"Social inclusion\">Social inclusion of vulnerable groups<\/a><\/h3>\n\t<div class=\"wpb_text_column wpb_content_element\" >\n\t\t<div class=\"wpb_wrapper\">\n\t\t\t<p>Social integration - or, as we prefer to call it, inclusion - is a process in which individual values interact when cultures meet, and retain their original characteristics in the new system of values that emerges. Together with other core values such as diversity, acceptance and openness, and equal opportunities, it guides our work with vulnerable groups,\u00a0<b>with a special focus on disadvantaged Roma people and refugees from war<\/b>. The Partners Hungary Foundation attaches great importance to mitigating the consequences of the humanitarian disaster caused by the war in Ukraine, especially to supporting the access to education and integration of families, children and persons fleeing to Hungary or forced to flee within the borders of Ukraine.<\/p>\n\n\t\t<\/div>\n\t<\/div>\n<\/div><\/div><\/div><div class=\"wpb_column vc_column_container vc_col-sm-4\"><div class=\"vc_column-inner\"><div class=\"wpb_wrapper\">\n\t<div  class=\"wpb_single_image wpb_content_element vc_align_center wpb_content_element wpb_animate_when_almost_visible wpb_fadeInRight fadeInRight\">\n\t\t\n\t\t<figure class=\"wpb_wrapper vc_figure\">\n\t\t\t<div class=\"vc_single_image-wrapper vc_box_outline_circle  vc_box_border_peacoc\"><img decoding=\"async\" class=\"vc_single_image-img\" src=\"https:\/\/partnershungary.hu\/wp-content\/uploads\/2020\/07\/okatatas_ikon-200x200.png\" width=\"200\" height=\"200\" alt=\"okatatas_ikon\" title=\"okatatas_icon\" loading=\"lazy\" \/><\/div>\n\t\t<\/figure>\n\t<\/div>\n<h3 style=\"text-align: center\" class=\"vc_custom_heading vc_do_custom_heading\" ><a href=\"https:\/\/partnershungary.hu\/en\/inkluziv-neveles\/\" title=\"Education\">Education<\/a><\/h3>\n\t<div class=\"wpb_text_column wpb_content_element\" >\n\t\t<div class=\"wpb_wrapper\">\n\t\t\t<p>It is important for us that professionals working with children are able to create the conditions necessary for children to develop optimally, with a special focus on disadvantaged children. All children, regardless of their origin and their family and social background, deserve to have the support of the adults around them to help them overcome the disadvantages they have suffered through no fault of their own. We support day nurseries, kindergartens, schools and other communities in need with a trauma-informed and child-centred approach and tools.<\/p>\n\n\t\t<\/div>\n\t<\/div>\n<\/div><\/div><\/div><\/div><section class=\"vc_section\"><\/section><div class=\"vc_row wpb_row vc_row-fluid counter\"><div class=\"wpb_column vc_column_container vc_col-sm-12\"><div class=\"vc_column-inner\"><div class=\"wpb_wrapper\"><h2 style=\"text-align: center\" class=\"vc_custom_heading vc_do_custom_heading\" >Our results in figures<\/h2><\/div><\/div><\/div><div class=\"wpb_column vc_column_container vc_col-sm-4\"><div class=\"vc_column-inner\"><div class=\"wpb_wrapper\">\n\t<div class=\"wpb_text_column wpb_content_element\" >\n\t\t<div class=\"wpb_wrapper\">\n\t\t\t<ul>\n<li><span class=\"odometer\" data-content=\"62\">0<\/span> our Roma integration project<\/li>\n<li>more than <span class=\"odometer\" data-content=\"3000\">0<\/span> affects people's lives<\/li>\n<\/ul>\n\n\t\t<\/div>\n\t<\/div>\n<\/div><\/div><\/div><div class=\"wpb_column vc_column_container vc_col-sm-4\"><div class=\"vc_column-inner\"><div class=\"wpb_wrapper\">\n\t<div class=\"wpb_text_column wpb_content_element\" >\n\t\t<div class=\"wpb_wrapper\">\n\t\t\t<ul>\n<li>Already <span class=\"odometer\" data-content=\"53\">0<\/span> schools and nurseries use our methods<\/li>\n<li>Our programmes more than <span class=\"odometer\" data-content=\"2000\">0<\/span> affect a student<\/li>\n<li><span class=\"odometer\" data-content=\"403\">0<\/span> teachers have participated in our training<\/li>\n<\/ul>\n\n\t\t<\/div>\n\t<\/div>\n<\/div><\/div><\/div><div class=\"wpb_column vc_column_container vc_col-sm-4\"><div class=\"vc_column-inner\"><div class=\"wpb_wrapper\">\n\t<div class=\"wpb_text_column wpb_content_element\" >\n\t\t<div class=\"wpb_wrapper\">\n\t\t\t<ul>\n<li>Near <span class=\"odometer\" data-content=\"1000\">0<\/span> training<\/li>\n<li><span class=\"odometer\" data-content=\"18000\">0<\/span> training participant<\/li>\n<li><span class=\"odometer\" data-content=\"208\">0<\/span> trained mediator<\/li>\n<li><span class=\"odometer\" data-content=\"25\">0<\/span> a better functioning organisation developed by us<\/li>\n<li><span class=\"odometer\" data-content=\"23\">0<\/span> in years<\/li>\n<\/ul>\n\n\t\t<\/div>\n\t<\/div>\n<\/div><\/div><\/div><\/div><div data-vc-full-width=\"true\" data-vc-full-width-temp=\"true\" data-vc-full-width-init=\"false\" class=\"vc_row wpb_row vc_row-fluid vc_custom_1508498789664 vc_row-has-fill\"><div class=\"wpb_column vc_column_container vc_col-sm-12\"><div class=\"vc_column-inner\"><div class=\"wpb_wrapper\"><h2 style=\"text-align: center\" class=\"vc_custom_heading vc_do_custom_heading\" >They said about us<\/h2><div class=\"vc_row wpb_row vc_inner vc_row-fluid\"><div class=\"wpb_column vc_column_container vc_col-sm-2\"><div class=\"vc_column-inner\"><div class=\"wpb_wrapper\">\n\t<div class=\"wpb_text_column wpb_content_element\" >\n\t\t<div class=\"wpb_wrapper\">\n\t\t\t<div class=\"wpb_text_column wpb_content_element\">\n<div class=\"wpb_wrapper\">\n<p><strong>\"Much has been highlighted by the training provided by PHA.<\/strong>\u00a0Mainly that things can be managed\/solved in a way that is not a problem but an opportunity.\"<\/p>\n<p>Mrs Zita Kutrik Stupj\u00e1n<\/p>\n<p>&nbsp;<\/p>\n<\/div>\n<\/div>\n<div class=\"vc_separator wpb_content_element vc_separator_align_center vc_sep_width_100 vc_sep_pos_align_center vc_separator_no_text vc_sep_color_grey\"><\/div>\n\n\t\t<\/div>\n\t<\/div>\n<\/div><\/div><\/div><div class=\"wpb_column vc_column_container vc_col-sm-2\"><div class=\"vc_column-inner\"><div class=\"wpb_wrapper\">\n\t<div class=\"wpb_text_column wpb_content_element\" >\n\t\t<div class=\"wpb_wrapper\">\n\t\t\t<p><strong>\"Every single element of this innovative programme has been very useful and fits in with our institution.<\/strong>\u00a0Particularly valuable is the support provided by mentoring, in addition to training. I would also like to thank the trainers and mentors for their professional and human approach, their positive feedback and their cooperation.\"<\/p>\n<p>Andrea Jenei Director of the J\u00f3zsefv\u00e1ros Unified Methodological Institute and Primary School<\/p>\n\n\t\t<\/div>\n\t<\/div>\n<\/div><\/div><\/div><div class=\"wpb_column vc_column_container vc_col-sm-2\"><div class=\"vc_column-inner\"><div class=\"wpb_wrapper\">\n\t<div class=\"wpb_text_column wpb_content_element\" >\n\t\t<div class=\"wpb_wrapper\">\n\t\t\t<p>\"It has contributed to a positive change in my outlook. I warmly recommend it to everyone!\"<\/p>\n<p>Attila Polg\u00e1r (Executive Office)<\/p>\n\n\t\t<\/div>\n\t<\/div>\n<\/div><\/div><\/div><div class=\"wpb_column vc_column_container vc_col-sm-2\"><div class=\"vc_column-inner\"><div class=\"wpb_wrapper\">\n\t<div class=\"wpb_text_column wpb_content_element\" >\n\t\t<div class=\"wpb_wrapper\">\n\t\t\t<div class=\"wpb_text_column wpb_content_element\">\n<div class=\"wpb_wrapper\">\n<p>\"The training gave me professional security. If you are looking for professional development, awareness, collaboration, this is a good opportunity.\"<\/p>\n<p>by Rita Galambos (DIA)<\/p>\n<\/div>\n<\/div>\n\n\t\t<\/div>\n\t<\/div>\n<\/div><\/div><\/div><div class=\"wpb_column vc_column_container vc_col-sm-2\"><div class=\"vc_column-inner\"><div class=\"wpb_wrapper\">\n\t<div class=\"wpb_text_column wpb_content_element\" >\n\t\t<div class=\"wpb_wrapper\">\n\t\t\t<p>\"Without facilitation there is no progress, either we get lost in the details or communication between actors becomes focused on advocacy. I asked Partners to work with me because of my personal experience and expertise. It is also good that they know the field in which the stakeholders work. To do the job, therefore, we need an external actor to keep us on track, to highlight, summarise, prevent or resolve conflicts, to help us 'keep on target' and 'stay on task'.\"<\/p>\n<p>Istv\u00e1n D\u00e1vid Head of the F\u00e9b\u00e9 Evangelical Charity Service<\/p>\n\n\t\t<\/div>\n\t<\/div>\n<\/div><\/div><\/div><div class=\"wpb_column vc_column_container vc_col-sm-2\"><div class=\"vc_column-inner\"><div class=\"wpb_wrapper\"><\/div><\/div><\/div><\/div><\/div><\/div><\/div><\/div><div class=\"vc_row-full-width vc_clearfix\"><\/div>\n<\/div>","protected":false},"excerpt":{"rendered":"We have been building relationships between PEOPLE AND COMMUNITIES since 1994. It's what we do Conflict resolution The word \"conflict\" is usually seen as a somewhat pejorative word, a bad thing to be avoided. We think differently. Every society, community, organisation, human relationship goes through conflicts from time to time in the course of everyday interaction. If we have the means, conflict is an opportunity to create a framework that suits everyone [...]","protected":false},"author":1,"featured_media":0,"parent":0,"menu_order":17,"comment_status":"closed","ping_status":"closed","template":"","meta":{"_acf_changed":false,"_seopress_robots_primary_cat":"","_seopress_titles_title":"Partners Hungary Alap\u00edtv\u00e1ny - medi\u00e1tor k\u00e9pz\u00e9s, konfliktuskezel\u00e9s, integr\u00e1ci\u00f3","_seopress_titles_desc":"Gyakorlott medi\u00e1torok p\u00e1rkapcsolati, munkahelyi konfliktuskezel\u00e9shez. Ehhez \u00e9rt\u00fcnk: medi\u00e1tork\u00e9pz\u00e9s|pedag\u00f3gus tov\u00e1bbk\u00e9pz\u00e9s|oktat\u00e1sfejleszt\u00e9s|CSR|integr\u00e1ci\u00f3.","_seopress_robots_index":"","footnotes":""},"class_list":["post-61","page","type-page","status-publish","hentry"],"acf":[],"_links":{"self":[{"href":"https:\/\/partnershungary.hu\/en\/wp-json\/wp\/v2\/pages\/61","targetHints":{"allow":["GET"]}}],"collection":[{"href":"https:\/\/partnershungary.hu\/en\/wp-json\/wp\/v2\/pages"}],"about":[{"href":"https:\/\/partnershungary.hu\/en\/wp-json\/wp\/v2\/types\/page"}],"author":[{"embeddable":true,"href":"https:\/\/partnershungary.hu\/en\/wp-json\/wp\/v2\/users\/1"}],"replies":[{"embeddable":true,"href":"https:\/\/partnershungary.hu\/en\/wp-json\/wp\/v2\/comments?post=61"}],"version-history":[{"count":0,"href":"https:\/\/partnershungary.hu\/en\/wp-json\/wp\/v2\/pages\/61\/revisions"}],"wp:attachment":[{"href":"https:\/\/partnershungary.hu\/en\/wp-json\/wp\/v2\/media?parent=61"}],"curies":[{"name":"wp","href":"https:\/\/api.w.org\/{rel}","templated":true}]}}