{"id":5309,"date":"2025-12-18T09:31:25","date_gmt":"2025-12-18T08:31:25","guid":{"rendered":"https:\/\/partnershungary.hu\/?page_id=5309"},"modified":"2026-03-31T06:12:24","modified_gmt":"2026-03-31T05:12:24","slug":"mediator-kepzes-professzionalis-gyakorlati-tanfolyam","status":"publish","type":"page","link":"https:\/\/partnershungary.hu\/en\/mediator-kepzes-professzionalis-gyakorlati-tanfolyam\/","title":{"rendered":"Mediator training"},"content":{"rendered":"<div class=\"wpb-content-wrapper\"><div class=\"vc_row wpb_row vc_row-fluid\"><div class=\"wpb_column vc_column_container vc_col-sm-12\"><div class=\"vc_column-inner\"><div class=\"wpb_wrapper\">\n\t<div class=\"wpb_text_column wpb_content_element\" >\n\t\t<div class=\"wpb_wrapper\">\n\t\t\t<h2>Professzion\u00e1lis keretek, m\u00e9ly szakmai tud\u00e1s, val\u00f3di gyakorlat<\/h2>\n<p>A medi\u00e1ci\u00f3 felel\u0151ss\u00e9g. Emberi helyzetekkel, \u00e9rzelmekkel \u00e9s konfliktusokkal dolgozunk \u2013 ez\u00e9rt a seg\u00edt\u0151 sz\u00e1nd\u00e9k \u00e9s emp\u00e1tia mellett stabil m\u00f3dszertan \u00e9s gyakorlati felk\u00e9sz\u00fclts\u00e9g sz\u00fcks\u00e9ges. Medi\u00e1tor k\u00e9pz\u00e9s\u00fcnk olyan szakembereknek sz\u00f3l, akik szeretn\u00e9nek <strong>felk\u00e9sz\u00fclten, tudatosan \u00e9s hitelesen<\/strong> jelen lenni konfliktushelyzetekben.<\/p>\n\n\t\t<\/div>\n\t<\/div>\n\n\t<div class=\"wpb_raw_code wpb_raw_html wpb_content_element\" >\n\t\t<div class=\"wpb_wrapper\">\n\t\t\t<div class=\"vc_cta3-actions\"><div class=\"vc_btn3-container vc_btn3-center vc_do_btn\"><a class=\"vc_general vc_btn3 vc_btn3-size-xl vc_btn3-shape-rounded vc_btn3-block vc_btn3-color-warning vc_btn3-style-classic vc_btn3-color-warning\" href=\"https:\/\/partnershungary.hu\/en\/events\/mediator-kepzes\/\">Jelentkez\u00e9s a k\u00e9pz\u00e9sre<\/a><\/div><\/div>\n\t\t<\/div>\n\t<\/div>\n\n\t<div class=\"wpb_text_column wpb_content_element\" >\n\t\t<div class=\"wpb_wrapper\">\n\t\t\t<h3>Mit ny\u00fajt a k\u00e9pz\u00e9s\u00fcnk?<\/h3>\n<h4>Alapos szakmai <strong>ismereteket<\/strong><\/h4>\n<p>Meg\u00e9rted a medi\u00e1ci\u00f3 szeml\u00e9let\u00e9t, szerep\u00e9t \u00e9s megismered annak eszk\u00f6zt\u00e1r\u00e1t. Megtan\u00edtunk egy professzion\u00e1lis, k\u00f6vetkezetes, etikus gondolkod\u00e1sm\u00f3dra. A p\u00e1rtatlan medi\u00e1tor nem tan\u00e1csokat ad, hanem seg\u00edti a feleket a konfliktus megold\u00e1s\u00e1ban.<\/p>\n<h4>\u00c1tl\u00e1that\u00f3, struktur\u00e1lt folyamatot<\/h4>\n<p>L\u00e9p\u00e9sr\u0151l l\u00e9p\u00e9sre dolgozunk v\u00e9gig egy teljes medi\u00e1ci\u00f3s folyamatot \u2013 a kapcsolatfelv\u00e9telt\u0151l a meg\u00e1llapod\u00e1sig.<\/p>\n<h4>Biztons\u00e1gos tanul\u00e1si k\u00f6rnyezetet<\/h4>\n<p>A gyakorlatok t\u00e1mogat\u00f3, \u00edt\u00e9lkez\u00e9smentes k\u00f6zegben zajlanak, ahol lehet k\u00e9rdezni, tapasztalatot szerezni, hib\u00e1zni \u00e9s tanulni.<\/p>\n<h4>Val\u00f3s gyakorlatot, val\u00f3s helyzetekkel<\/h4>\n<p>Szerepj\u00e1t\u00e9kok, esetfeldolgoz\u00e1s \u00e9s szakmai visszajelz\u00e9s seg\u00edt abban, hogy a tanultakat val\u00f3ban be tudd \u00e9p\u00edteni a k\u00e9s\u0151bbi munk\u00e1dba.<\/p>\n\n\t\t<\/div>\n\t<\/div>\n<div class=\"vc_separator wpb_content_element vc_separator_align_center vc_sep_width_100 vc_sep_pos_align_center vc_separator_no_text vc_sep_color_orange wpb_content_element  wpb_content_element\" ><span class=\"vc_sep_holder vc_sep_holder_l\"><span class=\"vc_sep_line\"><\/span><\/span><span class=\"vc_sep_holder vc_sep_holder_r\"><span class=\"vc_sep_line\"><\/span><\/span>\n<\/div>\n\t<div class=\"wpb_text_column wpb_content_element\" >\n\t\t<div class=\"wpb_wrapper\">\n\t\t\t<h3>Kinek aj\u00e1nljuk?<\/h3>\n<p>A k\u00e9pz\u00e9s hasznos lehet, ha<\/p>\n<ul>\n<li>seg\u00edt\u0151, HR-es, vezet\u0151, coach, tan\u00e1csad\u00f3 vagy jogi ter\u00fcleten dolgozol<\/li>\n<li>emberekkel \u00e9s konfliktusokkal foglalkozol<\/li>\n<li>szeretn\u00e9l tudatosabb, struktur\u00e1ltabb eszk\u00f6zt\u00e1rat a h\u00e9tk\u00f6znapi, munkahelyi \u00e9s \u00fczleti probl\u00e9m\u00e1k kezel\u00e9s\u00e9re<\/li>\n<li>fontos sz\u00e1modra a szakmai hiteless\u00e9g \u00e9s az etikus m\u0171k\u00f6d\u00e9s<\/li>\n<li>ha a k\u00e9s\u0151bbiekben medi\u00e1tork\u00e9nt szeretn\u00e9l dolgozni<\/li>\n<\/ul>\n<p>El\u0151zetes medi\u00e1ci\u00f3s k\u00e9pzetts\u00e9g nem sz\u00fcks\u00e9ges.<\/p>\n\n\t\t<\/div>\n\t<\/div>\n<div class=\"vc_separator wpb_content_element vc_separator_align_center vc_sep_width_100 vc_sep_pos_align_center vc_separator_no_text vc_sep_color_orange wpb_content_element  wpb_content_element\" ><span class=\"vc_sep_holder vc_sep_holder_l\"><span class=\"vc_sep_line\"><\/span><\/span><span class=\"vc_sep_holder vc_sep_holder_r\"><span class=\"vc_sep_line\"><\/span><\/span>\n<\/div>\n\t<div class=\"wpb_text_column wpb_content_element\" >\n\t\t<div class=\"wpb_wrapper\">\n\t\t\t<h3><strong>A k\u00e9pz\u00e9s fel\u00e9p\u00edt\u00e9se<\/strong><\/h3>\n<p><strong>Els\u0151 k\u00e9pz\u00e9si k\u00f6r<\/strong><\/p>\n<div class=\"TyagGW_tableContainer\">\n<div class=\"group TyagGW_tableWrapper flex w-fit flex-col-reverse\" tabindex=\"-1\">\n<table class=\"w-fit\" style=\"width: 100%; min-width: 40%; border-collapse: collapse;\">\n<thead>\n<tr>\n<th style=\"border: 1px dotted #ccc; padding: 8px; width: 40%;\">Modul<\/th>\n<th style=\"border: 1px dotted #ccc; padding: 8px;\">Id\u0151pont<\/th>\n<\/tr>\n<\/thead>\n<tbody>\n<tr>\n<td style=\"border: 1px dotted #ccc; padding: 8px;\">Medi\u00e1ci\u00f3 1<\/td>\n<td style=\"border: 1px dotted #ccc; padding: 8px;\">2026. m\u00e1jus 12\u201314., 9:00\u201317:00<\/td>\n<\/tr>\n<tr>\n<td style=\"border: 1px dotted #ccc; padding: 8px;\">Medi\u00e1ci\u00f3 2<\/td>\n<td style=\"border: 1px dotted #ccc; padding: 8px;\">2026. j\u00fanius 9\u201311., 9:00\u201317:00<\/td>\n<\/tr>\n<tr>\n<td style=\"border: 1px dotted #ccc; padding: 8px;\">Medi\u00e1ci\u00f3 3 \u2013 Gyakorlati nap<\/td>\n<td style=\"border: 1px dotted #ccc; padding: 8px;\">2026. j\u00fanius 25., 9:00\u201313:00<\/td>\n<\/tr>\n<\/tbody>\n<\/table>\n<\/div>\n<\/div>\n<div class=\"TyagGW_tableContainer d-none\">\n<p><strong>M\u00e1sodik k\u00e9pz\u00e9si k\u00f6r (tartal\u00e9k id\u0151pont)<\/strong><br \/>\n<em>A m\u00e1sodik csoportot csak akkor ind\u00edtjuk el, ha az els\u0151 k\u00f6r betelik.<\/em><\/p>\n<div class=\"group TyagGW_tableWrapper flex w-fit flex-col-reverse\" tabindex=\"-1\">\n<table class=\"w-fit\" style=\"width: 100%; min-width: 40%; border-collapse: collapse;\">\n<thead>\n<tr>\n<th style=\"border: 1px dotted #ccc; padding: 8px; width: 40%;\">Modul<\/th>\n<th style=\"border: 1px dotted #ccc; padding: 8px;\">Id\u0151pont<\/th>\n<\/tr>\n<\/thead>\n<tbody>\n<tr>\n<td style=\"border: 1px dotted #ccc; padding: 8px;\">Medi\u00e1ci\u00f3 1<\/td>\n<td style=\"border: 1px dotted #ccc; padding: 8px;\">2026. m\u00e1rcius 24\u201326., 9:00\u201317:00<\/td>\n<\/tr>\n<tr>\n<td style=\"border: 1px dotted #ccc; padding: 8px;\">Medi\u00e1ci\u00f3 2<\/td>\n<td style=\"border: 1px dotted #ccc; padding: 8px;\">2026. \u00e1prilis 21\u201323., 9:00\u201317:00<\/td>\n<\/tr>\n<tr>\n<td style=\"border: 1px dotted #ccc; padding: 8px;\">Medi\u00e1ci\u00f3 3 \u2013 Gyakorlati nap<\/td>\n<td style=\"border: 1px dotted #ccc; padding: 8px;\">2026. m\u00e1jus 12., 9:00\u201313:00<\/td>\n<\/tr>\n<\/tbody>\n<\/table>\n<\/div>\n<\/div>\n\n\t\t<\/div>\n\t<\/div>\n<div class=\"vc_separator wpb_content_element vc_separator_align_center vc_sep_width_100 vc_sep_pos_align_center vc_separator_no_text vc_sep_color_orange wpb_content_element  wpb_content_element\" ><span class=\"vc_sep_holder vc_sep_holder_l\"><span class=\"vc_sep_line\"><\/span><\/span><span class=\"vc_sep_holder vc_sep_holder_r\"><span class=\"vc_sep_line\"><\/span><\/span>\n<\/div>\n\t<div class=\"wpb_text_column wpb_content_element\" >\n\t\t<div class=\"wpb_wrapper\">\n\t\t\t<h3>R\u00e9szv\u00e9teli d\u00edjak<\/h3>\n<p>&nbsp;<\/p>\n<table style=\"width: 100%; min-width: 40%; border-collapse: collapse;\">\n<thead>\n<tr>\n<th style=\"border: 1px dotted #ccc; padding: 8px; width: 40%;\">Training<\/th>\n<th style=\"border: 1px dotted #ccc; padding: 8px;\">\u00c1r<\/th>\n<\/tr>\n<\/thead>\n<tbody>\n<tr>\n<td style=\"border: 1px dotted #ccc; padding: 8px;\">Teljes k\u00e9pz\u00e9s (Medi\u00e1ci\u00f3 1\u20132\u20133)<\/td>\n<td style=\"border: 1px dotted #ccc; padding: 8px;\">Brutt\u00f3 365.000 Ft<\/td>\n<\/tr>\n<tr>\n<td style=\"border: 1px dotted #ccc; padding: 8px;\">Medi\u00e1ci\u00f3 1 + Medi\u00e1ci\u00f3 2 egy\u00fctt<\/td>\n<td style=\"border: 1px dotted #ccc; padding: 8px;\">Brutt\u00f3 335.000 Ft<\/td>\n<\/tr>\n<tr>\n<td style=\"border: 1px dotted #ccc; padding: 8px;\">Medi\u00e1ci\u00f3 1 vagy Medi\u00e1ci\u00f3 2 k\u00fcl\u00f6n<\/td>\n<td style=\"border: 1px dotted #ccc; padding: 8px;\">Brutt\u00f3 200.000 Ft \/ modul<\/td>\n<\/tr>\n<tr>\n<td style=\"border: 1px dotted #ccc; padding: 8px;\">Medi\u00e1ci\u00f3 3 (gyakorlati nap) k\u00fcl\u00f6n<\/td>\n<td style=\"border: 1px dotted #ccc; padding: 8px;\">Brutt\u00f3 65.000 Ft<\/td>\n<\/tr>\n<\/tbody>\n<\/table>\n<p class=\"info d-none\" style=\"font-style: italic; color: #666;\">A gyakorlati nap a teljes k\u00e9pz\u00e9s r\u00e9sze.<\/p>\n\n\t\t<\/div>\n\t<\/div>\n<div class=\"vc_separator wpb_content_element vc_separator_align_center vc_sep_width_100 vc_sep_pos_align_center vc_separator_no_text vc_sep_color_orange wpb_content_element  wpb_content_element\" ><span class=\"vc_sep_holder vc_sep_holder_l\"><span class=\"vc_sep_line\"><\/span><\/span><span class=\"vc_sep_holder vc_sep_holder_r\"><span class=\"vc_sep_line\"><\/span><\/span>\n<\/div>\n\t<div class=\"wpb_text_column wpb_content_element\" >\n\t\t<div class=\"wpb_wrapper\">\n\t\t\t<h3><strong>Mi\u00e9rt v\u00e1laszd a k\u00e9pz\u00e9s\u00fcnk?<\/strong><\/h3>\n<ul>\n<li>\u00c1tgondolt, szakmailag megalapozott strukt\u00fara<\/li>\n<li>Er\u0151s gyakorlati f\u00f3kusz<\/li>\n<li>Kis l\u00e9tsz\u00e1m, szem\u00e9lyes figyelem<\/li>\n<li>T\u00e1mogat\u00f3, emberk\u00f6zpont\u00fa tanul\u00e1si k\u00f6rnyezet<\/li>\n<li>Olyan tud\u00e1s, amely hossz\u00fa t\u00e1von is haszn\u00e1lhat\u00f3<\/li>\n<\/ul>\n\n\t\t<\/div>\n\t<\/div>\n\n\t<div class=\"wpb_text_column wpb_content_element\" >\n\t\t<div class=\"wpb_wrapper\">\n\t\t\t<h3><strong>Apply at<\/strong><\/h3>\n<p>Ha szeretn\u00e9l felk\u00e9sz\u00fclten jelen lenni konfliktushelyzetekben, ha fontos sz\u00e1modra a biztons\u00e1gos tanul\u00e1si k\u00f6rnyezet, a szakmai felk\u00e9sz\u00fclts\u00e9g, szeretettel v\u00e1runk a medi\u00e1tor k\u00e9pz\u00e9sen.<\/p>\n\n\t\t<\/div>\n\t<\/div>\n\n\t<div class=\"wpb_raw_code wpb_raw_html wpb_content_element\" >\n\t\t<div class=\"wpb_wrapper\">\n\t\t\t<div class=\"vc_cta3-actions\"><div class=\"vc_btn3-container vc_btn3-center vc_do_btn\"><a class=\"vc_general vc_btn3 vc_btn3-size-xl vc_btn3-shape-rounded vc_btn3-block vc_btn3-color-warning vc_btn3-style-classic vc_btn3-color-warning\" href=\"https:\/\/partnershungary.hu\/en\/events\/mediator-kepzes\/\">Jelentkez\u00e9s a k\u00e9pz\u00e9sre<\/a><\/div><\/div>\n\t\t<\/div>\n\t<\/div>\n\n\t<div class=\"wpb_text_column wpb_content_element py-3\" >\n\t\t<div class=\"wpb_wrapper\">\n\t\t\t<p><em>\u00c9s m\u00e9g valami:<\/em> \u00e1prilis 16-\u00e1n tartjuk a k\u00f6vetkez\u0151, <b>medi\u00e1toroknak, szakembereknek sz\u00f3l\u00f3 konferenci\u00e1nkat<\/b> \u201eCsal\u00e1di konfliktusok a 21. sz\u00e1zadban\u201d c\u00edmmel. A r\u00e9szletek\u00e9rt, jelentkez\u00e9s\u00e9rt, k\u00e9r\u00fcnk, klikkelj ide: <a href=\"https:\/\/partnershungary.hu\/en\/events\/mediacios-konferencia-2026-tavasz-csalad-konfliktusok\/\">Medi\u00e1ci\u00f3s KONFERENCIA 2026!<\/a><\/p>\n\n\t\t<\/div>\n\t<\/div>\n<div class=\"vc_message_box vc_message_box-outline vc_message_box-rounded vc_color-info vc_do_message\" ><div class=\"vc_message_box-icon\"><i class=\"fa fa-regular fa-circle-question\"><\/i><\/div><div style=\"padding: 0 2em;\">\n<p>K\u00e9rd\u00e9s eset\u00e9n k\u00e9rj\u00fck, keresse k\u00e9pz\u00e9sszervez\u0151nket:<\/p>\n<h4>Andrea GY\u00d6RGY<\/h4>\n<p><a href=\"tel:0036709446196\">+36 (70) 944 6196<\/a><\/p>\n<\/div>\n<\/div><\/div><\/div><\/div><\/div>\n<\/div>","protected":false},"excerpt":{"rendered":"Professzion\u00e1lis keretek, m\u00e9ly szakmai tud\u00e1s, val\u00f3di gyakorlat A medi\u00e1ci\u00f3 felel\u0151ss\u00e9g. Emberi helyzetekkel, \u00e9rzelmekkel \u00e9s konfliktusokkal dolgozunk \u2013 ez\u00e9rt a seg\u00edt\u0151 sz\u00e1nd\u00e9k \u00e9s emp\u00e1tia mellett stabil m\u00f3dszertan \u00e9s gyakorlati felk\u00e9sz\u00fclts\u00e9g sz\u00fcks\u00e9ges. Medi\u00e1tor k\u00e9pz\u00e9s\u00fcnk olyan szakembereknek sz\u00f3l, akik szeretn\u00e9nek felk\u00e9sz\u00fclten, tudatosan \u00e9s hitelesen jelen lenni konfliktushelyzetekben. Jelentkez\u00e9s a k\u00e9pz\u00e9sre Mit ny\u00fajt a k\u00e9pz\u00e9s\u00fcnk? Alapos szakmai ismereteket Meg\u00e9rted [...]","protected":false},"author":1,"featured_media":5314,"parent":0,"menu_order":4,"comment_status":"closed","ping_status":"closed","template":"","meta":{"_acf_changed":false,"_seopress_robots_primary_cat":"","_seopress_titles_title":"","_seopress_titles_desc":"","_seopress_robots_index":"","footnotes":""},"class_list":["post-5309","page","type-page","status-publish","has-post-thumbnail","hentry"],"acf":[],"_links":{"self":[{"href":"https:\/\/partnershungary.hu\/en\/wp-json\/wp\/v2\/pages\/5309","targetHints":{"allow":["GET"]}}],"collection":[{"href":"https:\/\/partnershungary.hu\/en\/wp-json\/wp\/v2\/pages"}],"about":[{"href":"https:\/\/partnershungary.hu\/en\/wp-json\/wp\/v2\/types\/page"}],"author":[{"embeddable":true,"href":"https:\/\/partnershungary.hu\/en\/wp-json\/wp\/v2\/users\/1"}],"replies":[{"embeddable":true,"href":"https:\/\/partnershungary.hu\/en\/wp-json\/wp\/v2\/comments?post=5309"}],"version-history":[{"count":25,"href":"https:\/\/partnershungary.hu\/en\/wp-json\/wp\/v2\/pages\/5309\/revisions"}],"predecessor-version":[{"id":5994,"href":"https:\/\/partnershungary.hu\/en\/wp-json\/wp\/v2\/pages\/5309\/revisions\/5994"}],"wp:featuredmedia":[{"embeddable":true,"href":"https:\/\/partnershungary.hu\/en\/wp-json\/wp\/v2\/media\/5314"}],"wp:attachment":[{"href":"https:\/\/partnershungary.hu\/en\/wp-json\/wp\/v2\/media?parent=5309"}],"curies":[{"name":"wp","href":"https:\/\/api.w.org\/{rel}","templated":true}]}}