{"id":2438,"date":"2021-12-09T08:20:32","date_gmt":"2021-12-09T07:20:32","guid":{"rendered":"https:\/\/partnershungary.hu\/?page_id=2438"},"modified":"2023-05-07T07:44:31","modified_gmt":"2023-05-07T06:44:31","slug":"mediamegjelenesek","status":"publish","type":"page","link":"https:\/\/partnershungary.hu\/en\/partners-hungary-alapitvany\/mediamegjelenesek\/","title":{"rendered":"Media coverage"},"content":{"rendered":"<p>Other people like what we do, so we often get press inquiries. Find out more about our work in education, conflict resolution and Roma inclusion.<\/p>\n<ul>\n<li>HR Fest Online: <a href=\"https:\/\/www.youtube.com\/watch?v=XSdL0m2DKaM&amp;fbclid=IwAR2OKlsTrysrP_IA6xDAYK7VeChCOkwwPAwiBjw2_4Tle4gmX_HlaJBUsdU\">Toxic workplace relationships - can they be saved? - Interview with mediator Katalin Illy\u00e9s<\/a><\/li>\n<li>Prohibition Radio <a href=\"https:\/\/tilos.hu\/episode\/mintamokus\/2021\/11\/15\" target=\"_blank\" rel=\"noopener\">Sample solution-focused education show - a conversation with Flora Bacs\u00f3 and Eva De\u00e1k on child-centred pedagogy and the importance of school relationships, the role of restorative practices<\/a><\/li>\n<li>Roma Press Centre: <a href=\"https:\/\/www.facebook.com\/RomaSajtokozpontRomaPressCenter\/videos\/432005171622367\/\">improving housing for the Roma in Tatab\u00e1nya<\/a> with an intercultural mediator and community involvement<\/li>\n<li>Kisk\u0151r\u00f6s TV: <a href=\"https:\/\/www.facebook.com\/groups\/1719919721668283\/posts\/3021559508170958\/\">An insight into Step by Step child-centred pedagogy<\/a><\/li>\n<li>Index: <a href=\"https:\/\/index.hu\/belfold\/2021\/12\/07\/mikulas-a-gettoban\/?fbclid=IwAR0e_m1MYdsMUJehEPXvI23z9yV7Kbs2b9U4rBKRjKHbICh4t5aWsN0ym_o\" target=\"_blank\" rel=\"noopener\">Where they don't just dream of a better future<\/a><\/li>\n<li>Balance podcast on bullying in schools: <a href=\"https:\/\/www.youtube.com\/watch?v=8ltpqQakDWo\" target=\"_blank\" rel=\"noopener\">Teacher, just kidding - a conversation with Fl\u00f3ra Bacs\u00f3, school conflict management specialist<\/a><\/li>\n<li>RTL Klub Outside the House: <a href=\"https:\/\/rtl.hu\/rtlklub\/hazonkivul\/iskolai-zaklatas-rengeteg-gyereket-erint-es-lehetne-is-tenni-ellene?utm_source=Facebook&amp;utm_medium=hazon-kivul&amp;utm_campaign=post&amp;fbclid=IwAR2eb0yQyH8tJyVa4X38PF9UqMWw6DQA9hfjg788ZH7oBB-r7eHQFC6nytc\" target=\"_blank\" rel=\"noopener\">School bullying affects many children and could be tackled - a conversation with Fl\u00f3ra Bacs\u00f3, school conflict management specialist<\/a><\/li>\n<li>ATV: <a href=\"https:\/\/www.atv.hu\/videok\/20230426\/mar-egy-teljes-evet-elrabolt-a-gyerekek-eletebol-a-haboru?fbclid=IwAR2p65FjkYeMuZCsrDVzMuVtVzM81915ejO1pcNHr_CnwY0pvBjzH3FzQ7s\" target=\"_blank\" rel=\"noopener\">The war in Ukraine has so far taken a whole year out of children's lives - a conversation with Emese Erzs\u00e9bet Nagy, intercultural mediator<\/a><\/li>\n<li>Index: <a href=\"https:\/\/index.hu\/kultur\/2023\/05\/07\/ukrajna-menekult-gyerekek-anyak-napja\/?fbclid=IwAR3ayRPnBGvZW-EtkA37jh_yJSSxxPaB3mavyGdAkCamo7DxuZ7pmCjaqJI\" target=\"_blank\" rel=\"noopener\">The Partners Hungary Foundation has been supporting refugees since the beginning of the war: firstly, to enable children to join Ukrainian or Hungarian education without missing out, and secondly, to enable those who would stay in our country for the long term to integrate into local communities as soon as possible.<\/a><\/li>\n<\/ul>","protected":false},"excerpt":{"rendered":"<p>Amit csin\u00e1lunk, m\u00e1soknak is tetszik, ez\u00e9rt gyakran kapunk sajt\u00f3megkeres\u00e9seket. Tudjatok meg ti is t\u00f6bbet az oktat\u00e1sban, konfliktuskezel\u00e9sben, roma integr\u00e1ci\u00f3ban v\u00e9gzett munk\u00e1nkr\u00f3l! HR Fest Online: M\u00e9rgez\u0151 munkahelyi kapcsolatok &#8211; megmenthet\u0151ek? &#8211; besz\u00e9lget\u00e9s Illy\u00e9s Katalin medi\u00e1torral Tilos R\u00e1di\u00f3 Mintam\u00f3kus megold\u00e1sf\u00f3kusz\u00fa oktat\u00e1si m\u0171sor &#8211; besz\u00e9lget\u00e9s Bacs\u00f3 Fl\u00f3r\u00e1val \u00e9s De\u00e1k \u00c9v\u00e1val a gyermekk\u00f6zpont\u00fa pedag\u00f3gi\u00e1r\u00f3l \u00e9s az iskolai kapcsolatok fontoss\u00e1g\u00e1r\u00f3l, [&hellip;]<\/p>\n","protected":false},"author":2,"featured_media":0,"parent":61,"menu_order":19,"comment_status":"closed","ping_status":"closed","template":"","meta":{"_seopress_robots_primary_cat":"","_seopress_titles_title":"","_seopress_titles_desc":"A Partners Hungary Alap\u00edtv\u00e1ny m\u00e9diamegjelen\u00e9sei, orsz\u00e1gos \u00e9s helyi sajt\u00f3ban. Vide\u00f3k, cikkek, besz\u00e9lget\u00e9sek szakembereinkkel. N\u00e9zz bele!","_seopress_robots_index":"","footnotes":""},"class_list":["post-2438","page","type-page","status-publish","hentry"],"_links":{"self":[{"href":"https:\/\/partnershungary.hu\/en\/wp-json\/wp\/v2\/pages\/2438","targetHints":{"allow":["GET"]}}],"collection":[{"href":"https:\/\/partnershungary.hu\/en\/wp-json\/wp\/v2\/pages"}],"about":[{"href":"https:\/\/partnershungary.hu\/en\/wp-json\/wp\/v2\/types\/page"}],"author":[{"embeddable":true,"href":"https:\/\/partnershungary.hu\/en\/wp-json\/wp\/v2\/users\/2"}],"replies":[{"embeddable":true,"href":"https:\/\/partnershungary.hu\/en\/wp-json\/wp\/v2\/comments?post=2438"}],"version-history":[{"count":0,"href":"https:\/\/partnershungary.hu\/en\/wp-json\/wp\/v2\/pages\/2438\/revisions"}],"up":[{"embeddable":true,"href":"https:\/\/partnershungary.hu\/en\/wp-json\/wp\/v2\/pages\/61"}],"wp:attachment":[{"href":"https:\/\/partnershungary.hu\/en\/wp-json\/wp\/v2\/media?parent=2438"}],"curies":[{"name":"wp","href":"https:\/\/api.w.org\/{rel}","templated":true}]}}