{"id":236,"date":"2017-11-05T12:39:47","date_gmt":"2017-11-05T12:39:47","guid":{"rendered":"http:\/\/www.partnershungary.hu\/?page_id=236"},"modified":"2020-07-02T13:32:11","modified_gmt":"2020-07-02T13:32:11","slug":"partnereink","status":"publish","type":"page","link":"https:\/\/partnershungary.hu\/en\/partnereink\/","title":{"rendered":"Partner link"},"content":{"rendered":"<div class=\"wpb-content-wrapper\"><div class=\"vc_row wpb_row vc_row-fluid\"><div class=\"wpb_column vc_column_container vc_col-sm-12\"><div class=\"vc_column-inner\"><div class=\"wpb_wrapper\">\n\t<div class=\"wpb_text_column wpb_content_element\" >\n\t\t<div class=\"wpb_wrapper\">\n\t\t\t<p><img loading=\"lazy\" decoding=\"async\" class=\"alignnone size-full wp-image-237\" src=\"\/\/partnershungary.hu\/wp-content\/uploads\/2017\/11\/sos_malta_egyuttmukodo_partner.png\" alt=\"\" width=\"220\" height=\"96\" \/><img loading=\"lazy\" decoding=\"async\" class=\"alignnone size-medium wp-image-238\" src=\"\/\/partnershungary.hu\/wp-content\/uploads\/2017\/11\/szivarany_tagovoda_salgotarjan_partner.jpg\" alt=\"\" width=\"220\" height=\"96\" \/><img loading=\"lazy\" decoding=\"async\" class=\"alignnone size-medium wp-image-239\" src=\"\/\/partnershungary.hu\/wp-content\/uploads\/2017\/11\/vbjk_egyuttmukodo_partner.png\" alt=\"\" width=\"220\" height=\"96\" \/><img loading=\"lazy\" decoding=\"async\" class=\"alignnone size-medium wp-image-240\" src=\"\/\/partnershungary.hu\/wp-content\/uploads\/2017\/11\/Szolnoki-Szolg\u00e1ltat\u00e1si-SZC-log\u00f3_egyuttmukodo_partner.jpg\" alt=\"\" width=\"220\" height=\"96\" \/><img loading=\"lazy\" decoding=\"async\" class=\"alignnone size-medium wp-image-241\" src=\"\/\/partnershungary.hu\/wp-content\/uploads\/2017\/11\/uni_per_egyuttmukodo_partner_tamogato.jpg\" alt=\"\" width=\"220\" height=\"96\" \/><img loading=\"lazy\" decoding=\"async\" class=\"alignnone size-medium wp-image-242\" src=\"\/\/partnershungary.hu\/wp-content\/uploads\/2017\/11\/21luglio_egyuttmukodo_partner.jpg\" alt=\"\" width=\"220\" height=\"96\" \/><img loading=\"lazy\" decoding=\"async\" class=\"alignnone size-medium wp-image-243\" src=\"\/\/partnershungary.hu\/wp-content\/uploads\/2017\/11\/egymi3_partner.jpg\" alt=\"\" width=\"220\" height=\"96\" \/><img loading=\"lazy\" decoding=\"async\" class=\"alignnone size-medium wp-image-244\" src=\"\/\/partnershungary.hu\/wp-content\/uploads\/2017\/11\/egyuttmukodo_partner.png\" alt=\"\" width=\"220\" height=\"96\" \/><img loading=\"lazy\" decoding=\"async\" class=\"alignnone size-medium wp-image-245\" src=\"\/\/partnershungary.hu\/wp-content\/uploads\/2017\/11\/egyuttmukodopartner2.jpg\" alt=\"\" width=\"220\" height=\"96\" \/><img loading=\"lazy\" decoding=\"async\" class=\"alignnone size-medium wp-image-246\" src=\"\/\/partnershungary.hu\/wp-content\/uploads\/2017\/11\/G\u00f6csej-Kapuja-Bak-\u00c1ltal\u00e1nos-Iskola-logo_partner.jpg\" alt=\"\" width=\"220\" height=\"96\" \/><img loading=\"lazy\" decoding=\"async\" class=\"alignnone size-medium wp-image-247\" src=\"\/\/partnershungary.hu\/wp-content\/uploads\/2017\/11\/pressley_ridge_partners.jpg\" alt=\"\" width=\"220\" height=\"96\" \/><img loading=\"lazy\" decoding=\"async\" class=\"alignnone size-medium wp-image-248\" src=\"\/\/partnershungary.hu\/wp-content\/uploads\/2017\/11\/international_child_d_I_egyuttmukodo_partner.jpg\" alt=\"\" width=\"220\" height=\"96\" \/><img loading=\"lazy\" decoding=\"async\" class=\"alignnone size-medium wp-image-249\" src=\"\/\/partnershungary.hu\/wp-content\/uploads\/2017\/11\/reyn_egyuttm\u00fak\u00f6d\u0151_partner.jpg\" alt=\"\" width=\"220\" height=\"96\" \/><img loading=\"lazy\" decoding=\"async\" class=\"alignnone size-medium wp-image-250\" src=\"\/\/partnershungary.hu\/wp-content\/uploads\/2017\/11\/pitypang_18_partner.jpg\" alt=\"\" width=\"220\" height=\"96\" \/><img loading=\"lazy\" decoding=\"async\" class=\"alignnone size-medium wp-image-251\" src=\"\/\/partnershungary.hu\/wp-content\/uploads\/2017\/11\/korak_po_egyuttmukodo_partner.jpg\" alt=\"\" width=\"220\" height=\"96\" \/><img loading=\"lazy\" decoding=\"async\" class=\"alignnone size-medium wp-image-252\" src=\"\/\/partnershungary.hu\/wp-content\/uploads\/2017\/11\/partners_bulgaria_egyuttmukodo_partner.jpg\" alt=\"\" width=\"220\" height=\"96\" \/><img loading=\"lazy\" decoding=\"async\" class=\"alignnone size-medium wp-image-253\" src=\"\/\/partnershungary.hu\/wp-content\/uploads\/2017\/11\/issa_egyuttmukodo_partner.png\" alt=\"\" width=\"220\" height=\"96\" \/><img loading=\"lazy\" decoding=\"async\" class=\"alignnone size-medium wp-image-254\" src=\"\/\/partnershungary.hu\/wp-content\/uploads\/2017\/11\/REYN_International_egyuttmukodo_partner.png\" alt=\"\" width=\"260\" height=\"96\" \/><img loading=\"lazy\" decoding=\"async\" class=\"alignnone size-medium wp-image-255\" src=\"\/\/partnershungary.hu\/wp-content\/uploads\/2017\/11\/skola_dokoran_egyuttmukod_partner.png\" alt=\"\" width=\"220\" height=\"96\" \/><\/p>\n\n\t\t<\/div>\n\t<\/div>\n<\/div><\/div><\/div><\/div>\n<\/div>","protected":false},"excerpt":{"rendered":"","protected":false},"author":1,"featured_media":269,"parent":0,"menu_order":23,"comment_status":"closed","ping_status":"closed","template":"","meta":{"_acf_changed":false,"_seopress_robots_primary_cat":"","_seopress_titles_title":"","_seopress_titles_desc":"","_seopress_robots_index":"","footnotes":""},"class_list":["post-236","page","type-page","status-publish","has-post-thumbnail","hentry"],"acf":[],"_links":{"self":[{"href":"https:\/\/partnershungary.hu\/en\/wp-json\/wp\/v2\/pages\/236","targetHints":{"allow":["GET"]}}],"collection":[{"href":"https:\/\/partnershungary.hu\/en\/wp-json\/wp\/v2\/pages"}],"about":[{"href":"https:\/\/partnershungary.hu\/en\/wp-json\/wp\/v2\/types\/page"}],"author":[{"embeddable":true,"href":"https:\/\/partnershungary.hu\/en\/wp-json\/wp\/v2\/users\/1"}],"replies":[{"embeddable":true,"href":"https:\/\/partnershungary.hu\/en\/wp-json\/wp\/v2\/comments?post=236"}],"version-history":[{"count":0,"href":"https:\/\/partnershungary.hu\/en\/wp-json\/wp\/v2\/pages\/236\/revisions"}],"wp:featuredmedia":[{"embeddable":true,"href":"https:\/\/partnershungary.hu\/en\/wp-json\/wp\/v2\/media\/269"}],"wp:attachment":[{"href":"https:\/\/partnershungary.hu\/en\/wp-json\/wp\/v2\/media?parent=236"}],"curies":[{"name":"wp","href":"https:\/\/api.w.org\/{rel}","templated":true}]}}