{"id":194,"date":"2017-11-03T17:38:18","date_gmt":"2017-11-03T17:38:18","guid":{"rendered":"http:\/\/www.partnershungary.hu\/?page_id=194"},"modified":"2024-04-29T11:14:35","modified_gmt":"2024-04-29T10:14:35","slug":"impresszum","status":"publish","type":"page","link":"https:\/\/partnershungary.hu\/en\/impresszum\/","title":{"rendered":"masthead"},"content":{"rendered":"<div class=\"wpb-content-wrapper\"><div class=\"vc_row wpb_row vc_row-fluid\"><div class=\"wpb_column vc_column_container vc_col-sm-12\"><div class=\"vc_column-inner\"><div class=\"wpb_wrapper\"><div class=\"vc_row wpb_row vc_inner vc_row-fluid\"><div class=\"wpb_column vc_column_container vc_col-sm-6\"><div class=\"vc_column-inner\"><div class=\"wpb_wrapper\">\n\t<div class=\"wpb_text_column wpb_content_element\" >\n\t\t<div class=\"wpb_wrapper\">\n\t\t\t<h2>The website is maintained by:<\/h2>\n<p>Partners Hungary Foundation<br \/>\nRegistered office: 1062 Budapest, D\u00e9lib\u00e1b u. 19.<\/p>\n<p>FAR registration number: B\/2020\/001612<\/p>\n<p>Adult education registration number: 01-0918-05<br \/>\nTax number: 18068038-2-42<\/p>\n<p>&nbsp;<\/p>\n<p><strong>Availability:<\/strong><\/p>\n<p>Address and mailing address: 1055 Budapest, Szerb utca 17-19.<br \/>\nPhone: +36 70 944 6196<br \/>\nE-mail: irodavezeto@partnershungary.hu<\/p>\n\n\t\t<\/div>\n\t<\/div>\n<\/div><\/div><\/div><div class=\"wpb_column vc_column_container vc_col-sm-6\"><div class=\"vc_column-inner\"><div class=\"wpb_wrapper\">\n\t<div class=\"wpb_text_column wpb_content_element\" >\n\t\t<div class=\"wpb_wrapper\">\n\t\t\t<h2>Server operation:<\/h2>\n<p>sysVol Information Technology and Services Ltd.<br \/>\nRegistered office: 2337 D\u00e9legyh\u00e1za, F\u0171zfa utca 11.<br \/>\nTax number: 24320711-2-13<\/p>\n<p>&nbsp;<\/p>\n<p><strong>Availability:<\/strong><\/p>\n<p>Address: 2337 D\u00e9legyh\u00e1za, F\u0171zfa utca 11.<br \/>\nPhone: +36 30 343 1120<br \/>\nE-mail: info@sysvol.hu<\/p>\n\n\t\t<\/div>\n\t<\/div>\n<\/div><\/div><\/div><\/div>\n\t<div class=\"wpb_text_column wpb_content_element\" >\n\t\t<div class=\"wpb_wrapper\">\n\t\t\t<p>The information, documents or other written material published on this website are provided for information purposes only. Please note that by browsing our website you agree to the following terms and conditions:<\/p>\n<p>This website or any part of its content is protected by copyright. The rights thereto may be exercised exclusively by the maintainer. It is prohibited to use, reproduce, transfer, distribute, adapt or store all or part of the content of the website in any form without the prior written permission of the owner.<\/p>\n<p>However, the maintainer agrees that you may store on your computer or print out extracts from these pages for your own personal use within the scope of free use. The content of this website is provided \"as is\" and without modification. Changes may be made to the websites and, unless otherwise required by law, we accept no liability whatsoever for the accuracy, reliability, currency or content of the information, documentation or other written material on the websites that you access.<\/p>\n<p>We reserve the right to modify, adapt, restrict or discontinue the availability of our website at any time. We do not guarantee that access to the websites will be uninterrupted or error-free.<\/p>\n<p>Liability for any damage and\/or loss arising from access to or use of the website or the information, documentation or other written material available on the website, whether directly or indirectly, or from the website being in an unsuitable state for use, or from its malfunction, incompleteness, possible malfunction or misinterpretation, is expressly excluded.<\/p>\n<p>We are not responsible for any content created, transmitted, stored, made available or published by third parties to which our websites are linked or referred.<\/p>\n\n\t\t<\/div>\n\t<\/div>\n<\/div><\/div><\/div><\/div>\n<\/div>","protected":false},"excerpt":{"rendered":"The website is maintained by Partners Hungary Foundation Headquarters: 1062 Budapest, D\u00e9lib\u00e1b u. 19. FAR registration number: B\/2020\/001612 Adult Education Registration number: 01-0918-05 Tax number: 18068038-2-42 Contact: Mailing address and office address: 1055 Budapest, Szerb utca 17-19. Phone: +36 70 944 6196 E-mail: irodavezeto@partnershungary.hu Server operation: sysVol Informatikai \u00e9s Szolg\u00e1ltat\u00f3 Kft. Registered office: 2337 D\u00e9legyh\u00e1za, F\u0171zfa utca 11. Tax number: 24320711-2-13 [...]","protected":false},"author":1,"featured_media":41,"parent":0,"menu_order":16,"comment_status":"closed","ping_status":"closed","template":"","meta":{"_acf_changed":false,"_seopress_robots_primary_cat":"","_seopress_titles_title":"","_seopress_titles_desc":"","_seopress_robots_index":"","footnotes":""},"class_list":["post-194","page","type-page","status-publish","has-post-thumbnail","hentry"],"acf":[],"_links":{"self":[{"href":"https:\/\/partnershungary.hu\/en\/wp-json\/wp\/v2\/pages\/194","targetHints":{"allow":["GET"]}}],"collection":[{"href":"https:\/\/partnershungary.hu\/en\/wp-json\/wp\/v2\/pages"}],"about":[{"href":"https:\/\/partnershungary.hu\/en\/wp-json\/wp\/v2\/types\/page"}],"author":[{"embeddable":true,"href":"https:\/\/partnershungary.hu\/en\/wp-json\/wp\/v2\/users\/1"}],"replies":[{"embeddable":true,"href":"https:\/\/partnershungary.hu\/en\/wp-json\/wp\/v2\/comments?post=194"}],"version-history":[{"count":0,"href":"https:\/\/partnershungary.hu\/en\/wp-json\/wp\/v2\/pages\/194\/revisions"}],"wp:featuredmedia":[{"embeddable":true,"href":"https:\/\/partnershungary.hu\/en\/wp-json\/wp\/v2\/media\/41"}],"wp:attachment":[{"href":"https:\/\/partnershungary.hu\/en\/wp-json\/wp\/v2\/media?parent=194"}],"curies":[{"name":"wp","href":"https:\/\/api.w.org\/{rel}","templated":true}]}}